{"id":24,"date":"2024-12-17T21:07:20","date_gmt":"2024-12-17T20:07:20","guid":{"rendered":"https:\/\/wbcostabrava.com\/bienvenidos-a-wb-costa-brava-alojamientos-de-ensueno\/"},"modified":"2024-12-17T22:19:57","modified_gmt":"2024-12-17T21:19:57","slug":"nuestros-apartamentos-en-figueres-y-roses","status":"publish","type":"page","link":"https:\/\/wbcostabrava.com\/en\/nuestros-apartamentos-en-figueres-y-roses\/","title":{"rendered":"Nuestros Apartamentos en Figueres y Roses"},"content":{"rendered":"<p class=\"has-text-align-center has-system-font-family\">En WB Costa Brava, ofrecemos alojamientos tur\u00edsticos de calidad, perfectos para disfrutar de unas vacaciones inolvidables. Nuestros dos apartamentos en Figueres son ideales para quienes buscan comodidad y cercan\u00eda a las atracciones locales. Cada apartamento est\u00e1 equipado con todas las comodidades necesarias para una estancia placentera.<\/p>\n\n\n\n<h2 class=\"wp-block-heading has-system-font-family\">Calendarios de Disponibilidad y Reservas<\/h2>\n\n\n\n<p class=\"has-text-align-center has-system-font-family\">Para facilitar tu experiencia de reserva, hemos creado una p\u00e1gina dedicada a nuestros calendarios de disponibilidad. Aqu\u00ed podr\u00e1s verificar f\u00e1cilmente si nuestros apartamentos est\u00e1n libres en las fechas que deseas y realizar tu reserva en l\u00ednea.<\/p>\n\n\n\n<div class=\"wp-block-columns alignwide is-layout-flex wp-container-core-columns-is-layout-28f84493 wp-block-columns-is-layout-flex\">\n<div class=\"wp-block-column is-layout-flow wp-block-column-is-layout-flow\" style=\"flex-basis:100%\">\n<div class=\"wp-block-columns is-layout-flex wp-container-core-columns-is-layout-28f84493 wp-block-columns-is-layout-flex\">\n<div class=\"wp-block-column is-layout-flow wp-block-column-is-layout-flow\" style=\"flex-basis:33%\">\n<figure class=\"wp-block-gallery has-nested-images columns-default is-cropped wp-block-gallery-1 is-layout-flex wp-block-gallery-is-layout-flex\">\n<figure class=\"wp-block-image size-large\"><img loading=\"lazy\" decoding=\"async\" width=\"683\" height=\"1024\" data-id=\"87\" src=\"https:\/\/wbcostabrava-com.preview-domain.com\/wp-content\/uploads\/2024\/11\/IMG_2709-683x1024.jpg\" alt=\"\" class=\"wp-image-87\" srcset=\"https:\/\/wbcostabrava.com\/wp-content\/uploads\/2024\/11\/IMG_2709-683x1024.jpg 683w, https:\/\/wbcostabrava.com\/wp-content\/uploads\/2024\/11\/IMG_2709-200x300.jpg 200w, https:\/\/wbcostabrava.com\/wp-content\/uploads\/2024\/11\/IMG_2709-768x1152.jpg 768w, https:\/\/wbcostabrava.com\/wp-content\/uploads\/2024\/11\/IMG_2709-1024x1536.jpg 1024w, https:\/\/wbcostabrava.com\/wp-content\/uploads\/2024\/11\/IMG_2709-1365x2048.jpg 1365w, https:\/\/wbcostabrava.com\/wp-content\/uploads\/2024\/11\/IMG_2709-scaled.jpg 1707w\" sizes=\"auto, (max-width: 683px) 100vw, 683px\" \/><\/figure>\n<\/figure>\n<\/div>\n\n\n\n<div class=\"wp-block-column is-layout-flow wp-block-column-is-layout-flow\">\n<figure class=\"wp-block-gallery has-nested-images columns-default is-cropped wp-block-gallery-2 is-layout-flex wp-block-gallery-is-layout-flex\">\n<figure class=\"wp-block-image size-large\"><img loading=\"lazy\" decoding=\"async\" width=\"682\" height=\"1024\" data-id=\"88\" src=\"https:\/\/wbcostabrava-com.preview-domain.com\/wp-content\/uploads\/2024\/11\/IMG_0811-Editar-Editar-1-682x1024.jpg\" alt=\"\" class=\"wp-image-88\" srcset=\"https:\/\/wbcostabrava.com\/wp-content\/uploads\/2024\/11\/IMG_0811-Editar-Editar-1-682x1024.jpg 682w, https:\/\/wbcostabrava.com\/wp-content\/uploads\/2024\/11\/IMG_0811-Editar-Editar-1-200x300.jpg 200w, https:\/\/wbcostabrava.com\/wp-content\/uploads\/2024\/11\/IMG_0811-Editar-Editar-1-768x1153.jpg 768w, https:\/\/wbcostabrava.com\/wp-content\/uploads\/2024\/11\/IMG_0811-Editar-Editar-1-1023x1536.jpg 1023w, https:\/\/wbcostabrava.com\/wp-content\/uploads\/2024\/11\/IMG_0811-Editar-Editar-1-1365x2048.jpg 1365w, https:\/\/wbcostabrava.com\/wp-content\/uploads\/2024\/11\/IMG_0811-Editar-Editar-1-scaled.jpg 1706w\" sizes=\"auto, (max-width: 682px) 100vw, 682px\" \/><\/figure>\n<\/figure>\n<\/div>\n\n\n\n<div class=\"wp-block-column is-layout-flow wp-block-column-is-layout-flow\">\n<figure class=\"wp-block-gallery has-nested-images columns-default is-cropped wp-block-gallery-3 is-layout-flex wp-block-gallery-is-layout-flex\">\n<figure class=\"wp-block-image size-full\"><img loading=\"lazy\" decoding=\"async\" width=\"404\" height=\"540\" data-id=\"90\" src=\"https:\/\/wbcostabrava-com.preview-domain.com\/wp-content\/uploads\/2024\/11\/Habitacion-doble-piso-Canyelles-Petites-2.jpg\" alt=\"\" class=\"wp-image-90\" srcset=\"https:\/\/wbcostabrava.com\/wp-content\/uploads\/2024\/11\/Habitacion-doble-piso-Canyelles-Petites-2.jpg 404w, https:\/\/wbcostabrava.com\/wp-content\/uploads\/2024\/11\/Habitacion-doble-piso-Canyelles-Petites-2-224x300.jpg 224w\" sizes=\"auto, (max-width: 404px) 100vw, 404px\" \/><\/figure>\n<\/figure>\n<\/div>\n<\/div>\n<\/div>\n<\/div>\n\n\n\n<h2 class=\"wp-block-heading has-text-align-center has-system-font-family\">SPIRALS STAIRS DUPLEX- FIGUERES<\/h2>\n\n\n\n<p class=\"has-text-align-center has-system-font-family\">D\u00faplex con terraza totalmente reformado en pleno casco hist\u00f3rico de Figueres, a 2 minutos a pie de la plaza del Ayuntamiento y 4 min. del Museo Dal\u00ed.<\/p>\n\n\n\n<p class=\"has-text-align-center has-system-font-family\">Cuenta con 3 habitaciones, dos de ellas con cama doble. Dos ba\u00f1os, uno con ba\u00f1era y otro con plato de ducha. Cocina americana totalmente equipada, zona sal\u00f3n-comedor y saloncito con div\u00e1n para momentos de relax. Climatizado, con wifi, e iluminaci\u00f3n LED por casi toda la casa.<\/p>\n\n\n\n<p class=\"has-text-align-center has-system-font-family\">Amplia terraza para pasar los mejores momentos en familia.<\/p>\n\n\n\n<div class=\"wp-block-buttons is-layout-flex wp-block-buttons-is-layout-flex\">\n<div class=\"wp-block-button has-custom-width wp-block-button__width-100 has-system-font-family\"><a class=\"wp-block-button__link wp-element-button\" href=\"https:\/\/wbcostabrava.com\/en\/nuestros-apartamentos-en-figueres-y-roses\/spirals-stairs-duplex\/\">SPIRALS STAIRS DUPLEX- FIGUERES<\/a><\/div>\n<\/div>\n\n\n\n<figure class=\"wp-block-gallery has-nested-images columns-default is-cropped wp-block-gallery-4 is-layout-flex wp-block-gallery-is-layout-flex\">\n<figure class=\"wp-block-image size-large\"><img loading=\"lazy\" decoding=\"async\" width=\"683\" height=\"1024\" data-id=\"91\" src=\"https:\/\/wbcostabrava-com.preview-domain.com\/wp-content\/uploads\/2024\/11\/IMG_2682-683x1024.jpg\" alt=\"\" class=\"wp-image-91\" srcset=\"https:\/\/wbcostabrava.com\/wp-content\/uploads\/2024\/11\/IMG_2682-683x1024.jpg 683w, https:\/\/wbcostabrava.com\/wp-content\/uploads\/2024\/11\/IMG_2682-200x300.jpg 200w, https:\/\/wbcostabrava.com\/wp-content\/uploads\/2024\/11\/IMG_2682-768x1152.jpg 768w, https:\/\/wbcostabrava.com\/wp-content\/uploads\/2024\/11\/IMG_2682-1024x1536.jpg 1024w, https:\/\/wbcostabrava.com\/wp-content\/uploads\/2024\/11\/IMG_2682-1365x2048.jpg 1365w, https:\/\/wbcostabrava.com\/wp-content\/uploads\/2024\/11\/IMG_2682-scaled.jpg 1707w\" sizes=\"auto, (max-width: 683px) 100vw, 683px\" \/><\/figure>\n<\/figure>\n\n\n\n<h2 class=\"wp-block-heading has-text-align-center has-system-font-family\">APARTAMENTO PLAZA CATALU\u00d1A FIGUERES<\/h2>\n\n\n\n<p class=\"has-text-align-center has-system-font-family\">Disfruta de una experiencia de lujo en este c\u00e9ntrico apartamento, reci\u00e9n reformado por completo, con vistas a la Plaza Catalu\u00f1a y a la Plaza del Mercado de Figueres.<\/p>\n\n\n\n<p class=\"has-text-align-center has-system-font-family\">Consta de 2 habitaciones (una doble y una individual), moderna cocina abierta con isla, sof\u00e1-cama y chimenea el\u00e9ctrica en el sal\u00f3n, amplio cuarto de ba\u00f1o con lavabo doble, gran plato de ducha y mampara.<\/p>\n\n\n\n<p class=\"has-text-align-center has-system-font-family\">Tiene equipo de climatizaci\u00f3n, as\u00ed como una encantadora chimenea el\u00e9ctrica.<\/p>\n\n\n\n<p class=\"has-text-align-center has-system-font-family\">Parking enfrente del edificio bajo reserva.<\/p>\n\n\n\n<div class=\"wp-block-buttons is-layout-flex wp-block-buttons-is-layout-flex\" id=\"https:\/\/wbcostabrava.com\/nuestros-apartamentos-en-figueres-y-roses\/apartamento-figueres-plaza-cataluna\/\">\n<div class=\"wp-block-button has-custom-width wp-block-button__width-100 has-system-font-family\"><a class=\"wp-block-button__link wp-element-button\" href=\"https:\/\/wbcostabrava.com\/en\/nuestros-apartamentos-en-figueres-y-roses\/apartamento-figueres-plaza-cataluna\/\">APARTAMENTO PLAZA CATALU\u00d1A- FIGUERES<\/a><\/div>\n<\/div>\n\n\n\n<figure class=\"wp-block-gallery has-nested-images columns-default is-cropped wp-block-gallery-5 is-layout-flex wp-block-gallery-is-layout-flex\">\n<figure class=\"wp-block-image size-large\"><img loading=\"lazy\" decoding=\"async\" width=\"1024\" height=\"683\" data-id=\"92\" src=\"https:\/\/wbcostabrava-com.preview-domain.com\/wp-content\/uploads\/2024\/11\/IMG_0858-Editar-1-1024x683.jpg\" alt=\"\" class=\"wp-image-92\" srcset=\"https:\/\/wbcostabrava.com\/wp-content\/uploads\/2024\/11\/IMG_0858-Editar-1-1024x683.jpg 1024w, https:\/\/wbcostabrava.com\/wp-content\/uploads\/2024\/11\/IMG_0858-Editar-1-300x200.jpg 300w, https:\/\/wbcostabrava.com\/wp-content\/uploads\/2024\/11\/IMG_0858-Editar-1-768x512.jpg 768w, https:\/\/wbcostabrava.com\/wp-content\/uploads\/2024\/11\/IMG_0858-Editar-1-1536x1025.jpg 1536w, https:\/\/wbcostabrava.com\/wp-content\/uploads\/2024\/11\/IMG_0858-Editar-1-2048x1367.jpg 2048w\" sizes=\"auto, (max-width: 1024px) 100vw, 1024px\" \/><\/figure>\n<\/figure>\n\n\n\n<p><\/p>","protected":false},"excerpt":{"rendered":"<p>En WB Costa Brava, ofrecemos alojamientos tur\u00edsticos de calidad, perfectos para disfrutar de unas vacaciones inolvidables. Nuestros dos apartamentos en Figueres son ideales para quienes buscan comodidad y cercan\u00eda a las atracciones locales. Cada apartamento est\u00e1 equipado con todas las comodidades necesarias para una estancia placentera. Calendarios de Disponibilidad y Reservas Para facilitar tu experiencia [&hellip;]<\/p>\n","protected":false},"author":1,"featured_media":23,"parent":0,"menu_order":0,"comment_status":"open","ping_status":"closed","template":"","meta":{"footnotes":""},"class_list":["post-24","page","type-page","status-publish","has-post-thumbnail","hentry"],"yoast_head":"<!-- This site is optimized with the Yoast SEO plugin v27.4 - https:\/\/yoast.com\/product\/yoast-seo-wordpress\/ -->\n<title>Nuestros Apartamentos en Figueres y Roses - WB Costa Brava<\/title>\n<meta name=\"description\" content=\"En WB Costa Brava, ofrecemos alojamientos tur\u00edsticos de calidad, perfectos para disfrutar de unas vacaciones inolvidables.\" \/>\n<meta name=\"robots\" content=\"index, follow, max-snippet:-1, max-image-preview:large, max-video-preview:-1\" \/>\n<link rel=\"canonical\" href=\"https:\/\/wbcostabrava.com\/en\/nuestros-apartamentos-en-figueres-y-roses\/\" \/>\n<meta property=\"og:locale\" content=\"en_GB\" \/>\n<meta property=\"og:type\" content=\"article\" \/>\n<meta property=\"og:title\" content=\"Nuestros Apartamentos en Figueres y Roses - WB Costa Brava\" \/>\n<meta property=\"og:description\" content=\"En WB Costa Brava, ofrecemos alojamientos tur\u00edsticos de calidad, perfectos para disfrutar de unas vacaciones inolvidables.\" \/>\n<meta property=\"og:url\" content=\"https:\/\/wbcostabrava.com\/en\/nuestros-apartamentos-en-figueres-y-roses\/\" \/>\n<meta property=\"og:site_name\" content=\"WB Costa Brava\" \/>\n<meta property=\"article:modified_time\" content=\"2024-12-17T21:19:57+00:00\" \/>\n<meta property=\"og:image\" content=\"https:\/\/wbcostabrava.com\/wp-content\/uploads\/2024\/11\/man-and-woman-under-concrete-building-scaled.jpg\" \/>\n\t<meta property=\"og:image:width\" content=\"2560\" \/>\n\t<meta property=\"og:image:height\" content=\"1707\" \/>\n\t<meta property=\"og:image:type\" content=\"image\/jpeg\" \/>\n<meta name=\"twitter:card\" content=\"summary_large_image\" \/>\n<meta name=\"twitter:label1\" content=\"Estimated reading time\" \/>\n\t<meta name=\"twitter:data1\" content=\"1 minute\" \/>\n<script type=\"application\/ld+json\" class=\"yoast-schema-graph\">{\"@context\":\"https:\\\/\\\/schema.org\",\"@graph\":[{\"@type\":\"WebPage\",\"@id\":\"https:\\\/\\\/wbcostabrava.com\\\/nuestros-apartamentos-en-figueres-y-roses\\\/\",\"url\":\"https:\\\/\\\/wbcostabrava.com\\\/nuestros-apartamentos-en-figueres-y-roses\\\/\",\"name\":\"Nuestros Apartamentos en Figueres y Roses - WB Costa Brava\",\"isPartOf\":{\"@id\":\"https:\\\/\\\/wbcostabrava.com\\\/#website\"},\"primaryImageOfPage\":{\"@id\":\"https:\\\/\\\/wbcostabrava.com\\\/nuestros-apartamentos-en-figueres-y-roses\\\/#primaryimage\"},\"image\":{\"@id\":\"https:\\\/\\\/wbcostabrava.com\\\/nuestros-apartamentos-en-figueres-y-roses\\\/#primaryimage\"},\"thumbnailUrl\":\"https:\\\/\\\/wbcostabrava.com\\\/wp-content\\\/uploads\\\/2024\\\/11\\\/man-and-woman-under-concrete-building-scaled.jpg\",\"datePublished\":\"2024-12-17T20:07:20+00:00\",\"dateModified\":\"2024-12-17T21:19:57+00:00\",\"description\":\"En WB Costa Brava, ofrecemos alojamientos tur\u00edsticos de calidad, perfectos para disfrutar de unas vacaciones inolvidables.\",\"breadcrumb\":{\"@id\":\"https:\\\/\\\/wbcostabrava.com\\\/nuestros-apartamentos-en-figueres-y-roses\\\/#breadcrumb\"},\"inLanguage\":\"en-GB\",\"potentialAction\":[{\"@type\":\"ReadAction\",\"target\":[\"https:\\\/\\\/wbcostabrava.com\\\/nuestros-apartamentos-en-figueres-y-roses\\\/\"]}]},{\"@type\":\"ImageObject\",\"inLanguage\":\"en-GB\",\"@id\":\"https:\\\/\\\/wbcostabrava.com\\\/nuestros-apartamentos-en-figueres-y-roses\\\/#primaryimage\",\"url\":\"https:\\\/\\\/wbcostabrava.com\\\/wp-content\\\/uploads\\\/2024\\\/11\\\/man-and-woman-under-concrete-building-scaled.jpg\",\"contentUrl\":\"https:\\\/\\\/wbcostabrava.com\\\/wp-content\\\/uploads\\\/2024\\\/11\\\/man-and-woman-under-concrete-building-scaled.jpg\",\"width\":2560,\"height\":1707,\"caption\":\"Photo by Frank Holleman on Desempaquetar\"},{\"@type\":\"BreadcrumbList\",\"@id\":\"https:\\\/\\\/wbcostabrava.com\\\/nuestros-apartamentos-en-figueres-y-roses\\\/#breadcrumb\",\"itemListElement\":[{\"@type\":\"ListItem\",\"position\":1,\"name\":\"Portada\",\"item\":\"https:\\\/\\\/wbcostabrava.com\\\/\"},{\"@type\":\"ListItem\",\"position\":2,\"name\":\"Nuestros Apartamentos en Figueres y Roses\"}]},{\"@type\":\"WebSite\",\"@id\":\"https:\\\/\\\/wbcostabrava.com\\\/#website\",\"url\":\"https:\\\/\\\/wbcostabrava.com\\\/\",\"name\":\"WB Costa Brava\",\"description\":\"Web de reservas y curiosidades sobre la Costa Brava\",\"publisher\":{\"@id\":\"https:\\\/\\\/wbcostabrava.com\\\/#organization\"},\"potentialAction\":[{\"@type\":\"SearchAction\",\"target\":{\"@type\":\"EntryPoint\",\"urlTemplate\":\"https:\\\/\\\/wbcostabrava.com\\\/?s={search_term_string}\"},\"query-input\":{\"@type\":\"PropertyValueSpecification\",\"valueRequired\":true,\"valueName\":\"search_term_string\"}}],\"inLanguage\":\"en-GB\"},{\"@type\":\"Organization\",\"@id\":\"https:\\\/\\\/wbcostabrava.com\\\/#organization\",\"name\":\"WB Costa Brava\",\"url\":\"https:\\\/\\\/wbcostabrava.com\\\/\",\"logo\":{\"@type\":\"ImageObject\",\"inLanguage\":\"en-GB\",\"@id\":\"https:\\\/\\\/wbcostabrava.com\\\/#\\\/schema\\\/logo\\\/image\\\/\",\"url\":\"https:\\\/\\\/wbcostabrava.com\\\/wp-content\\\/uploads\\\/2024\\\/11\\\/BEA_LOGO_color.png\",\"contentUrl\":\"https:\\\/\\\/wbcostabrava.com\\\/wp-content\\\/uploads\\\/2024\\\/11\\\/BEA_LOGO_color.png\",\"width\":1927,\"height\":1624,\"caption\":\"WB Costa Brava\"},\"image\":{\"@id\":\"https:\\\/\\\/wbcostabrava.com\\\/#\\\/schema\\\/logo\\\/image\\\/\"},\"sameAs\":[\"https:\\\/\\\/www.instagram.com\\\/wbcostabrava\"]}]}<\/script>\n<!-- \/ Yoast SEO plugin. -->","yoast_head_json":{"title":"Nuestros Apartamentos en Figueres y Roses - WB Costa Brava","description":"En WB Costa Brava, ofrecemos alojamientos tur\u00edsticos de calidad, perfectos para disfrutar de unas vacaciones inolvidables.","robots":{"index":"index","follow":"follow","max-snippet":"max-snippet:-1","max-image-preview":"max-image-preview:large","max-video-preview":"max-video-preview:-1"},"canonical":"https:\/\/wbcostabrava.com\/en\/nuestros-apartamentos-en-figueres-y-roses\/","og_locale":"en_GB","og_type":"article","og_title":"Nuestros Apartamentos en Figueres y Roses - WB Costa Brava","og_description":"En WB Costa Brava, ofrecemos alojamientos tur\u00edsticos de calidad, perfectos para disfrutar de unas vacaciones inolvidables.","og_url":"https:\/\/wbcostabrava.com\/en\/nuestros-apartamentos-en-figueres-y-roses\/","og_site_name":"WB Costa Brava","article_modified_time":"2024-12-17T21:19:57+00:00","og_image":[{"width":2560,"height":1707,"url":"https:\/\/wbcostabrava.com\/wp-content\/uploads\/2024\/11\/man-and-woman-under-concrete-building-scaled.jpg","type":"image\/jpeg"}],"twitter_card":"summary_large_image","twitter_misc":{"Estimated reading time":"1 minute"},"schema":{"@context":"https:\/\/schema.org","@graph":[{"@type":"WebPage","@id":"https:\/\/wbcostabrava.com\/nuestros-apartamentos-en-figueres-y-roses\/","url":"https:\/\/wbcostabrava.com\/nuestros-apartamentos-en-figueres-y-roses\/","name":"Nuestros Apartamentos en Figueres y Roses - WB Costa Brava","isPartOf":{"@id":"https:\/\/wbcostabrava.com\/#website"},"primaryImageOfPage":{"@id":"https:\/\/wbcostabrava.com\/nuestros-apartamentos-en-figueres-y-roses\/#primaryimage"},"image":{"@id":"https:\/\/wbcostabrava.com\/nuestros-apartamentos-en-figueres-y-roses\/#primaryimage"},"thumbnailUrl":"https:\/\/wbcostabrava.com\/wp-content\/uploads\/2024\/11\/man-and-woman-under-concrete-building-scaled.jpg","datePublished":"2024-12-17T20:07:20+00:00","dateModified":"2024-12-17T21:19:57+00:00","description":"En WB Costa Brava, ofrecemos alojamientos tur\u00edsticos de calidad, perfectos para disfrutar de unas vacaciones inolvidables.","breadcrumb":{"@id":"https:\/\/wbcostabrava.com\/nuestros-apartamentos-en-figueres-y-roses\/#breadcrumb"},"inLanguage":"en-GB","potentialAction":[{"@type":"ReadAction","target":["https:\/\/wbcostabrava.com\/nuestros-apartamentos-en-figueres-y-roses\/"]}]},{"@type":"ImageObject","inLanguage":"en-GB","@id":"https:\/\/wbcostabrava.com\/nuestros-apartamentos-en-figueres-y-roses\/#primaryimage","url":"https:\/\/wbcostabrava.com\/wp-content\/uploads\/2024\/11\/man-and-woman-under-concrete-building-scaled.jpg","contentUrl":"https:\/\/wbcostabrava.com\/wp-content\/uploads\/2024\/11\/man-and-woman-under-concrete-building-scaled.jpg","width":2560,"height":1707,"caption":"Photo by Frank Holleman on Desempaquetar"},{"@type":"BreadcrumbList","@id":"https:\/\/wbcostabrava.com\/nuestros-apartamentos-en-figueres-y-roses\/#breadcrumb","itemListElement":[{"@type":"ListItem","position":1,"name":"Portada","item":"https:\/\/wbcostabrava.com\/"},{"@type":"ListItem","position":2,"name":"Nuestros Apartamentos en Figueres y Roses"}]},{"@type":"WebSite","@id":"https:\/\/wbcostabrava.com\/#website","url":"https:\/\/wbcostabrava.com\/","name":"WB Costa Brava","description":"Web de reservas y curiosidades sobre la Costa Brava","publisher":{"@id":"https:\/\/wbcostabrava.com\/#organization"},"potentialAction":[{"@type":"SearchAction","target":{"@type":"EntryPoint","urlTemplate":"https:\/\/wbcostabrava.com\/?s={search_term_string}"},"query-input":{"@type":"PropertyValueSpecification","valueRequired":true,"valueName":"search_term_string"}}],"inLanguage":"en-GB"},{"@type":"Organization","@id":"https:\/\/wbcostabrava.com\/#organization","name":"WB Costa Brava","url":"https:\/\/wbcostabrava.com\/","logo":{"@type":"ImageObject","inLanguage":"en-GB","@id":"https:\/\/wbcostabrava.com\/#\/schema\/logo\/image\/","url":"https:\/\/wbcostabrava.com\/wp-content\/uploads\/2024\/11\/BEA_LOGO_color.png","contentUrl":"https:\/\/wbcostabrava.com\/wp-content\/uploads\/2024\/11\/BEA_LOGO_color.png","width":1927,"height":1624,"caption":"WB Costa Brava"},"image":{"@id":"https:\/\/wbcostabrava.com\/#\/schema\/logo\/image\/"},"sameAs":["https:\/\/www.instagram.com\/wbcostabrava"]}]}},"_links":{"self":[{"href":"https:\/\/wbcostabrava.com\/en\/wp-json\/wp\/v2\/pages\/24","targetHints":{"allow":["GET"]}}],"collection":[{"href":"https:\/\/wbcostabrava.com\/en\/wp-json\/wp\/v2\/pages"}],"about":[{"href":"https:\/\/wbcostabrava.com\/en\/wp-json\/wp\/v2\/types\/page"}],"author":[{"embeddable":true,"href":"https:\/\/wbcostabrava.com\/en\/wp-json\/wp\/v2\/users\/1"}],"replies":[{"embeddable":true,"href":"https:\/\/wbcostabrava.com\/en\/wp-json\/wp\/v2\/comments?post=24"}],"version-history":[{"count":12,"href":"https:\/\/wbcostabrava.com\/en\/wp-json\/wp\/v2\/pages\/24\/revisions"}],"predecessor-version":[{"id":198,"href":"https:\/\/wbcostabrava.com\/en\/wp-json\/wp\/v2\/pages\/24\/revisions\/198"}],"wp:featuredmedia":[{"embeddable":true,"href":"https:\/\/wbcostabrava.com\/en\/wp-json\/wp\/v2\/media\/23"}],"wp:attachment":[{"href":"https:\/\/wbcostabrava.com\/en\/wp-json\/wp\/v2\/media?parent=24"}],"curies":[{"name":"wp","href":"https:\/\/api.w.org\/{rel}","templated":true}]}}