{"id":133,"date":"2024-12-17T21:08:35","date_gmt":"2024-12-17T20:08:35","guid":{"rendered":"https:\/\/wbcostabrava.com\/?page_id=133"},"modified":"2024-12-17T21:09:29","modified_gmt":"2024-12-17T20:09:29","slug":"apartamento-figueres-plaza-cataluna","status":"publish","type":"page","link":"https:\/\/wbcostabrava.com\/en\/nuestros-apartamentos-en-figueres-y-roses\/apartamento-figueres-plaza-cataluna\/","title":{"rendered":"APARTAMENTO FIGUERES PLAZA CATALU\u00d1A"},"content":{"rendered":"<h2 class=\"wp-block-heading\">Bienvenido a Nuestro Apartamento Reci\u00e9n Reformado<\/h2>\n\n\n\n<p>\u00a1Estamos encantados de invitarte a nuestro apartamento luminoso y moderno, situado en el coraz\u00f3n de Figueres! Este espacio es ideal para parejas, amigos o peque\u00f1as familias, con una habitaci\u00f3n doble, una individual y un sal\u00f3n que cuenta con un c\u00f3modo sof\u00e1 cama.<\/p>\n\n\n\n<figure class=\"wp-block-image size-large\"><img loading=\"lazy\" decoding=\"async\" width=\"1024\" height=\"683\" src=\"https:\/\/wbcostabrava-com.preview-domain.com\/wp-content\/uploads\/2024\/12\/IMG_0858-Editar-1-1024x683.jpg\" alt=\"\" class=\"wp-image-162\" srcset=\"https:\/\/wbcostabrava.com\/wp-content\/uploads\/2024\/12\/IMG_0858-Editar-1-1024x683.jpg 1024w, https:\/\/wbcostabrava.com\/wp-content\/uploads\/2024\/12\/IMG_0858-Editar-1-300x200.jpg 300w, https:\/\/wbcostabrava.com\/wp-content\/uploads\/2024\/12\/IMG_0858-Editar-1-768x512.jpg 768w, https:\/\/wbcostabrava.com\/wp-content\/uploads\/2024\/12\/IMG_0858-Editar-1-1536x1025.jpg 1536w, https:\/\/wbcostabrava.com\/wp-content\/uploads\/2024\/12\/IMG_0858-Editar-1-2048x1367.jpg 2048w, https:\/\/wbcostabrava.com\/wp-content\/uploads\/2024\/12\/IMG_0858-Editar-1-18x12.jpg 18w\" sizes=\"auto, (max-width: 1024px) 100vw, 1024px\" \/><\/figure>\n\n\n\n<h2 class=\"wp-block-heading\">Disfruta de una Cocina de Dise\u00f1o<\/h2>\n\n\n\n<p>Nuestra cocina abierta est\u00e1 equipada con electrodom\u00e9sticos de \u00faltima generaci\u00f3n, incluyendo una elegante isla, vitrocer\u00e1mica con extractor integrado, lavavajillas, nevera combi y mucho m\u00e1s. Mientras preparas tus comidas, podr\u00e1s disfrutar de vistas a la animada Plaza Catalu\u00f1a, lo que hace de cada momento en la cocina algo especial.<\/p>\n\n\n\n<figure class=\"wp-block-gallery has-nested-images columns-default is-cropped wp-block-gallery-1 is-layout-flex wp-block-gallery-is-layout-flex\">\n<figure class=\"wp-block-image size-large\"><img loading=\"lazy\" decoding=\"async\" width=\"684\" height=\"1024\" data-id=\"163\" src=\"https:\/\/wbcostabrava-com.preview-domain.com\/wp-content\/uploads\/2024\/12\/IMG_0947-Editar-2-684x1024.jpg\" alt=\"\" class=\"wp-image-163\" srcset=\"https:\/\/wbcostabrava.com\/wp-content\/uploads\/2024\/12\/IMG_0947-Editar-2-684x1024.jpg 684w, https:\/\/wbcostabrava.com\/wp-content\/uploads\/2024\/12\/IMG_0947-Editar-2-200x300.jpg 200w, https:\/\/wbcostabrava.com\/wp-content\/uploads\/2024\/12\/IMG_0947-Editar-2-768x1150.jpg 768w, https:\/\/wbcostabrava.com\/wp-content\/uploads\/2024\/12\/IMG_0947-Editar-2-1025x1536.jpg 1025w, https:\/\/wbcostabrava.com\/wp-content\/uploads\/2024\/12\/IMG_0947-Editar-2-1367x2048.jpg 1367w, https:\/\/wbcostabrava.com\/wp-content\/uploads\/2024\/12\/IMG_0947-Editar-2-8x12.jpg 8w, https:\/\/wbcostabrava.com\/wp-content\/uploads\/2024\/12\/IMG_0947-Editar-2-scaled.jpg 1709w\" sizes=\"auto, (max-width: 684px) 100vw, 684px\" \/><\/figure>\n<\/figure>\n\n\n\n<h2 class=\"wp-block-heading\">Un Sal\u00f3n Acogedor para Relajarte<\/h2>\n\n\n\n<p>El sal\u00f3n es un lugar acogedor donde podr\u00e1s relajarte, gracias a su chimenea el\u00e9ctrica y las luces LED que crean un ambiente perfecto. Con aire acondicionado y calefacci\u00f3n, este espacio se adapta a tus necesidades durante todo el a\u00f1o. Adem\u00e1s, el sof\u00e1 cama ofrece la posibilidad de alojar a un hu\u00e9sped adicional, d\u00e1ndote mayor flexibilidad.<\/p>\n\n\n\n<figure class=\"wp-block-gallery has-nested-images columns-default is-cropped wp-block-gallery-2 is-layout-flex wp-block-gallery-is-layout-flex\">\n<figure class=\"wp-block-image size-large\"><img loading=\"lazy\" decoding=\"async\" width=\"1024\" height=\"683\" data-id=\"164\" src=\"https:\/\/wbcostabrava-com.preview-domain.com\/wp-content\/uploads\/2024\/12\/IMG_0842-Editar-Editar-1024x683.jpg\" alt=\"\" class=\"wp-image-164\" srcset=\"https:\/\/wbcostabrava.com\/wp-content\/uploads\/2024\/12\/IMG_0842-Editar-Editar-1024x683.jpg 1024w, https:\/\/wbcostabrava.com\/wp-content\/uploads\/2024\/12\/IMG_0842-Editar-Editar-300x200.jpg 300w, https:\/\/wbcostabrava.com\/wp-content\/uploads\/2024\/12\/IMG_0842-Editar-Editar-768x512.jpg 768w, https:\/\/wbcostabrava.com\/wp-content\/uploads\/2024\/12\/IMG_0842-Editar-Editar-1536x1025.jpg 1536w, https:\/\/wbcostabrava.com\/wp-content\/uploads\/2024\/12\/IMG_0842-Editar-Editar-2048x1366.jpg 2048w, https:\/\/wbcostabrava.com\/wp-content\/uploads\/2024\/12\/IMG_0842-Editar-Editar-18x12.jpg 18w\" sizes=\"auto, (max-width: 1024px) 100vw, 1024px\" \/><\/figure>\n<\/figure>\n\n\n\n<h2 class=\"wp-block-heading\">Conecta con la Cultura y la Costa Brava<\/h2>\n\n\n\n<p>Situado en un segundo piso, el apartamento ofrece vistas a la Plaza Catalu\u00f1a y su proximidad a la Casa Natal de Salvador Dal\u00ed. A solo un paso de la Rambla y el Museo Dal\u00ed, podr\u00e1s sumergirte en la rica oferta cultural de la ciudad. Y no te olvides: \u00a1las playas de la Costa Brava est\u00e1n a solo 15 minutos!<\/p>\n\n\n\n<p>Estamos emocionados de recibirte y esperamos que nuestro apartamento se convierta en tu base perfecta para explorar la fascinante Figueres y sus alrededores. \u00a1Ven y descubre todo lo que esta maravillosa ciudad tiene para ofrecer!<\/p>","protected":false},"excerpt":{"rendered":"<p>Bienvenido a Nuestro Apartamento Reci\u00e9n Reformado \u00a1Estamos encantados de invitarte a nuestro apartamento luminoso y moderno, situado en el coraz\u00f3n de Figueres! Este espacio es ideal para parejas, amigos o peque\u00f1as familias, con una habitaci\u00f3n doble, una individual y un sal\u00f3n que cuenta con un c\u00f3modo sof\u00e1 cama. Disfruta de una Cocina de Dise\u00f1o Nuestra [&hellip;]<\/p>\n","protected":false},"author":1,"featured_media":36,"parent":24,"menu_order":0,"comment_status":"closed","ping_status":"closed","template":"","meta":{"footnotes":""},"class_list":["post-133","page","type-page","status-publish","has-post-thumbnail","hentry"],"yoast_head":"<!-- This site is optimized with the Yoast SEO plugin v27.4 - https:\/\/yoast.com\/product\/yoast-seo-wordpress\/ -->\n<title>APARTAMENTO FIGUERES PLAZA CATALU\u00d1A - WB Costa Brava<\/title>\n<meta name=\"description\" content=\"\u00a1Estamos encantados de invitarte a nuestro apartamento luminoso y moderno, en el coraz\u00f3n de Figueres! Situado en la Plaza Catalu\u00f1a, este espacio es ideal para parejas, amigos o peque\u00f1as familias, con una habitaci\u00f3n doble, una individual y un sal\u00f3n que cuenta con un c\u00f3modo sof\u00e1 cama.\" \/>\n<meta name=\"robots\" content=\"index, follow, max-snippet:-1, max-image-preview:large, max-video-preview:-1\" \/>\n<link rel=\"canonical\" href=\"https:\/\/wbcostabrava.com\/en\/nuestros-apartamentos-en-figueres-y-roses\/apartamento-figueres-plaza-cataluna\/\" \/>\n<meta property=\"og:locale\" content=\"en_GB\" \/>\n<meta property=\"og:type\" content=\"article\" \/>\n<meta property=\"og:title\" content=\"APARTAMENTO FIGUERES PLAZA CATALU\u00d1A - WB Costa Brava\" \/>\n<meta property=\"og:description\" content=\"\u00a1Estamos encantados de invitarte a nuestro apartamento luminoso y moderno, en el coraz\u00f3n de Figueres! Situado en la Plaza Catalu\u00f1a, este espacio es ideal para parejas, amigos o peque\u00f1as familias, con una habitaci\u00f3n doble, una individual y un sal\u00f3n que cuenta con un c\u00f3modo sof\u00e1 cama.\" \/>\n<meta property=\"og:url\" content=\"https:\/\/wbcostabrava.com\/en\/nuestros-apartamentos-en-figueres-y-roses\/apartamento-figueres-plaza-cataluna\/\" \/>\n<meta property=\"og:site_name\" content=\"WB Costa Brava\" \/>\n<meta property=\"article:modified_time\" content=\"2024-12-17T20:09:29+00:00\" \/>\n<meta property=\"og:image\" content=\"https:\/\/wbcostabrava.com\/wp-content\/uploads\/2024\/11\/IMG_0858-Editar-scaled.jpg\" \/>\n\t<meta property=\"og:image:width\" content=\"2560\" \/>\n\t<meta property=\"og:image:height\" content=\"1708\" \/>\n\t<meta property=\"og:image:type\" content=\"image\/jpeg\" \/>\n<meta name=\"twitter:card\" content=\"summary_large_image\" \/>\n<meta name=\"twitter:label1\" content=\"Estimated reading time\" \/>\n\t<meta name=\"twitter:data1\" content=\"1 minute\" \/>\n<script type=\"application\/ld+json\" class=\"yoast-schema-graph\">{\"@context\":\"https:\\\/\\\/schema.org\",\"@graph\":[{\"@type\":\"WebPage\",\"@id\":\"https:\\\/\\\/wbcostabrava.com\\\/nuestros-apartamentos-en-figueres-y-roses\\\/apartamento-figueres-plaza-cataluna\\\/\",\"url\":\"https:\\\/\\\/wbcostabrava.com\\\/nuestros-apartamentos-en-figueres-y-roses\\\/apartamento-figueres-plaza-cataluna\\\/\",\"name\":\"APARTAMENTO FIGUERES PLAZA CATALU\u00d1A - WB Costa Brava\",\"isPartOf\":{\"@id\":\"https:\\\/\\\/wbcostabrava.com\\\/#website\"},\"primaryImageOfPage\":{\"@id\":\"https:\\\/\\\/wbcostabrava.com\\\/nuestros-apartamentos-en-figueres-y-roses\\\/apartamento-figueres-plaza-cataluna\\\/#primaryimage\"},\"image\":{\"@id\":\"https:\\\/\\\/wbcostabrava.com\\\/nuestros-apartamentos-en-figueres-y-roses\\\/apartamento-figueres-plaza-cataluna\\\/#primaryimage\"},\"thumbnailUrl\":\"https:\\\/\\\/wbcostabrava.com\\\/wp-content\\\/uploads\\\/2024\\\/11\\\/IMG_0858-Editar-scaled.jpg\",\"datePublished\":\"2024-12-17T20:08:35+00:00\",\"dateModified\":\"2024-12-17T20:09:29+00:00\",\"description\":\"\u00a1Estamos encantados de invitarte a nuestro apartamento luminoso y moderno, en el coraz\u00f3n de Figueres! Situado en la Plaza Catalu\u00f1a, este espacio es ideal para parejas, amigos o peque\u00f1as familias, con una habitaci\u00f3n doble, una individual y un sal\u00f3n que cuenta con un c\u00f3modo sof\u00e1 cama.\",\"breadcrumb\":{\"@id\":\"https:\\\/\\\/wbcostabrava.com\\\/nuestros-apartamentos-en-figueres-y-roses\\\/apartamento-figueres-plaza-cataluna\\\/#breadcrumb\"},\"inLanguage\":\"en-GB\",\"potentialAction\":[{\"@type\":\"ReadAction\",\"target\":[\"https:\\\/\\\/wbcostabrava.com\\\/nuestros-apartamentos-en-figueres-y-roses\\\/apartamento-figueres-plaza-cataluna\\\/\"]}]},{\"@type\":\"ImageObject\",\"inLanguage\":\"en-GB\",\"@id\":\"https:\\\/\\\/wbcostabrava.com\\\/nuestros-apartamentos-en-figueres-y-roses\\\/apartamento-figueres-plaza-cataluna\\\/#primaryimage\",\"url\":\"https:\\\/\\\/wbcostabrava.com\\\/wp-content\\\/uploads\\\/2024\\\/11\\\/IMG_0858-Editar-scaled.jpg\",\"contentUrl\":\"https:\\\/\\\/wbcostabrava.com\\\/wp-content\\\/uploads\\\/2024\\\/11\\\/IMG_0858-Editar-scaled.jpg\",\"width\":2560,\"height\":1708},{\"@type\":\"BreadcrumbList\",\"@id\":\"https:\\\/\\\/wbcostabrava.com\\\/nuestros-apartamentos-en-figueres-y-roses\\\/apartamento-figueres-plaza-cataluna\\\/#breadcrumb\",\"itemListElement\":[{\"@type\":\"ListItem\",\"position\":1,\"name\":\"Portada\",\"item\":\"https:\\\/\\\/wbcostabrava.com\\\/\"},{\"@type\":\"ListItem\",\"position\":2,\"name\":\"Nuestros Apartamentos en Figueres y Roses\",\"item\":\"https:\\\/\\\/wbcostabrava.com\\\/nuestros-apartamentos-en-figueres-y-roses\\\/\"},{\"@type\":\"ListItem\",\"position\":3,\"name\":\"APARTAMENTO FIGUERES PLAZA CATALU\u00d1A\"}]},{\"@type\":\"WebSite\",\"@id\":\"https:\\\/\\\/wbcostabrava.com\\\/#website\",\"url\":\"https:\\\/\\\/wbcostabrava.com\\\/\",\"name\":\"WB Costa Brava\",\"description\":\"Web de reservas y curiosidades sobre la Costa Brava\",\"publisher\":{\"@id\":\"https:\\\/\\\/wbcostabrava.com\\\/#organization\"},\"potentialAction\":[{\"@type\":\"SearchAction\",\"target\":{\"@type\":\"EntryPoint\",\"urlTemplate\":\"https:\\\/\\\/wbcostabrava.com\\\/?s={search_term_string}\"},\"query-input\":{\"@type\":\"PropertyValueSpecification\",\"valueRequired\":true,\"valueName\":\"search_term_string\"}}],\"inLanguage\":\"en-GB\"},{\"@type\":\"Organization\",\"@id\":\"https:\\\/\\\/wbcostabrava.com\\\/#organization\",\"name\":\"WB Costa Brava\",\"url\":\"https:\\\/\\\/wbcostabrava.com\\\/\",\"logo\":{\"@type\":\"ImageObject\",\"inLanguage\":\"en-GB\",\"@id\":\"https:\\\/\\\/wbcostabrava.com\\\/#\\\/schema\\\/logo\\\/image\\\/\",\"url\":\"https:\\\/\\\/wbcostabrava.com\\\/wp-content\\\/uploads\\\/2024\\\/11\\\/BEA_LOGO_color.png\",\"contentUrl\":\"https:\\\/\\\/wbcostabrava.com\\\/wp-content\\\/uploads\\\/2024\\\/11\\\/BEA_LOGO_color.png\",\"width\":1927,\"height\":1624,\"caption\":\"WB Costa Brava\"},\"image\":{\"@id\":\"https:\\\/\\\/wbcostabrava.com\\\/#\\\/schema\\\/logo\\\/image\\\/\"},\"sameAs\":[\"https:\\\/\\\/www.instagram.com\\\/wbcostabrava\"]}]}<\/script>\n<!-- \/ Yoast SEO plugin. -->","yoast_head_json":{"title":"APARTAMENTO FIGUERES PLAZA CATALU\u00d1A - WB Costa Brava","description":"\u00a1Estamos encantados de invitarte a nuestro apartamento luminoso y moderno, en el coraz\u00f3n de Figueres! Situado en la Plaza Catalu\u00f1a, este espacio es ideal para parejas, amigos o peque\u00f1as familias, con una habitaci\u00f3n doble, una individual y un sal\u00f3n que cuenta con un c\u00f3modo sof\u00e1 cama.","robots":{"index":"index","follow":"follow","max-snippet":"max-snippet:-1","max-image-preview":"max-image-preview:large","max-video-preview":"max-video-preview:-1"},"canonical":"https:\/\/wbcostabrava.com\/en\/nuestros-apartamentos-en-figueres-y-roses\/apartamento-figueres-plaza-cataluna\/","og_locale":"en_GB","og_type":"article","og_title":"APARTAMENTO FIGUERES PLAZA CATALU\u00d1A - WB Costa Brava","og_description":"\u00a1Estamos encantados de invitarte a nuestro apartamento luminoso y moderno, en el coraz\u00f3n de Figueres! Situado en la Plaza Catalu\u00f1a, este espacio es ideal para parejas, amigos o peque\u00f1as familias, con una habitaci\u00f3n doble, una individual y un sal\u00f3n que cuenta con un c\u00f3modo sof\u00e1 cama.","og_url":"https:\/\/wbcostabrava.com\/en\/nuestros-apartamentos-en-figueres-y-roses\/apartamento-figueres-plaza-cataluna\/","og_site_name":"WB Costa Brava","article_modified_time":"2024-12-17T20:09:29+00:00","og_image":[{"width":2560,"height":1708,"url":"https:\/\/wbcostabrava.com\/wp-content\/uploads\/2024\/11\/IMG_0858-Editar-scaled.jpg","type":"image\/jpeg"}],"twitter_card":"summary_large_image","twitter_misc":{"Estimated reading time":"1 minute"},"schema":{"@context":"https:\/\/schema.org","@graph":[{"@type":"WebPage","@id":"https:\/\/wbcostabrava.com\/nuestros-apartamentos-en-figueres-y-roses\/apartamento-figueres-plaza-cataluna\/","url":"https:\/\/wbcostabrava.com\/nuestros-apartamentos-en-figueres-y-roses\/apartamento-figueres-plaza-cataluna\/","name":"APARTAMENTO FIGUERES PLAZA CATALU\u00d1A - WB Costa Brava","isPartOf":{"@id":"https:\/\/wbcostabrava.com\/#website"},"primaryImageOfPage":{"@id":"https:\/\/wbcostabrava.com\/nuestros-apartamentos-en-figueres-y-roses\/apartamento-figueres-plaza-cataluna\/#primaryimage"},"image":{"@id":"https:\/\/wbcostabrava.com\/nuestros-apartamentos-en-figueres-y-roses\/apartamento-figueres-plaza-cataluna\/#primaryimage"},"thumbnailUrl":"https:\/\/wbcostabrava.com\/wp-content\/uploads\/2024\/11\/IMG_0858-Editar-scaled.jpg","datePublished":"2024-12-17T20:08:35+00:00","dateModified":"2024-12-17T20:09:29+00:00","description":"\u00a1Estamos encantados de invitarte a nuestro apartamento luminoso y moderno, en el coraz\u00f3n de Figueres! Situado en la Plaza Catalu\u00f1a, este espacio es ideal para parejas, amigos o peque\u00f1as familias, con una habitaci\u00f3n doble, una individual y un sal\u00f3n que cuenta con un c\u00f3modo sof\u00e1 cama.","breadcrumb":{"@id":"https:\/\/wbcostabrava.com\/nuestros-apartamentos-en-figueres-y-roses\/apartamento-figueres-plaza-cataluna\/#breadcrumb"},"inLanguage":"en-GB","potentialAction":[{"@type":"ReadAction","target":["https:\/\/wbcostabrava.com\/nuestros-apartamentos-en-figueres-y-roses\/apartamento-figueres-plaza-cataluna\/"]}]},{"@type":"ImageObject","inLanguage":"en-GB","@id":"https:\/\/wbcostabrava.com\/nuestros-apartamentos-en-figueres-y-roses\/apartamento-figueres-plaza-cataluna\/#primaryimage","url":"https:\/\/wbcostabrava.com\/wp-content\/uploads\/2024\/11\/IMG_0858-Editar-scaled.jpg","contentUrl":"https:\/\/wbcostabrava.com\/wp-content\/uploads\/2024\/11\/IMG_0858-Editar-scaled.jpg","width":2560,"height":1708},{"@type":"BreadcrumbList","@id":"https:\/\/wbcostabrava.com\/nuestros-apartamentos-en-figueres-y-roses\/apartamento-figueres-plaza-cataluna\/#breadcrumb","itemListElement":[{"@type":"ListItem","position":1,"name":"Portada","item":"https:\/\/wbcostabrava.com\/"},{"@type":"ListItem","position":2,"name":"Nuestros Apartamentos en Figueres y Roses","item":"https:\/\/wbcostabrava.com\/nuestros-apartamentos-en-figueres-y-roses\/"},{"@type":"ListItem","position":3,"name":"APARTAMENTO FIGUERES PLAZA CATALU\u00d1A"}]},{"@type":"WebSite","@id":"https:\/\/wbcostabrava.com\/#website","url":"https:\/\/wbcostabrava.com\/","name":"WB Costa Brava","description":"Web de reservas y curiosidades sobre la Costa Brava","publisher":{"@id":"https:\/\/wbcostabrava.com\/#organization"},"potentialAction":[{"@type":"SearchAction","target":{"@type":"EntryPoint","urlTemplate":"https:\/\/wbcostabrava.com\/?s={search_term_string}"},"query-input":{"@type":"PropertyValueSpecification","valueRequired":true,"valueName":"search_term_string"}}],"inLanguage":"en-GB"},{"@type":"Organization","@id":"https:\/\/wbcostabrava.com\/#organization","name":"WB Costa Brava","url":"https:\/\/wbcostabrava.com\/","logo":{"@type":"ImageObject","inLanguage":"en-GB","@id":"https:\/\/wbcostabrava.com\/#\/schema\/logo\/image\/","url":"https:\/\/wbcostabrava.com\/wp-content\/uploads\/2024\/11\/BEA_LOGO_color.png","contentUrl":"https:\/\/wbcostabrava.com\/wp-content\/uploads\/2024\/11\/BEA_LOGO_color.png","width":1927,"height":1624,"caption":"WB Costa Brava"},"image":{"@id":"https:\/\/wbcostabrava.com\/#\/schema\/logo\/image\/"},"sameAs":["https:\/\/www.instagram.com\/wbcostabrava"]}]}},"_links":{"self":[{"href":"https:\/\/wbcostabrava.com\/en\/wp-json\/wp\/v2\/pages\/133","targetHints":{"allow":["GET"]}}],"collection":[{"href":"https:\/\/wbcostabrava.com\/en\/wp-json\/wp\/v2\/pages"}],"about":[{"href":"https:\/\/wbcostabrava.com\/en\/wp-json\/wp\/v2\/types\/page"}],"author":[{"embeddable":true,"href":"https:\/\/wbcostabrava.com\/en\/wp-json\/wp\/v2\/users\/1"}],"replies":[{"embeddable":true,"href":"https:\/\/wbcostabrava.com\/en\/wp-json\/wp\/v2\/comments?post=133"}],"version-history":[{"count":2,"href":"https:\/\/wbcostabrava.com\/en\/wp-json\/wp\/v2\/pages\/133\/revisions"}],"predecessor-version":[{"id":165,"href":"https:\/\/wbcostabrava.com\/en\/wp-json\/wp\/v2\/pages\/133\/revisions\/165"}],"up":[{"embeddable":true,"href":"https:\/\/wbcostabrava.com\/en\/wp-json\/wp\/v2\/pages\/24"}],"wp:featuredmedia":[{"embeddable":true,"href":"https:\/\/wbcostabrava.com\/en\/wp-json\/wp\/v2\/media\/36"}],"wp:attachment":[{"href":"https:\/\/wbcostabrava.com\/en\/wp-json\/wp\/v2\/media?parent=133"}],"curies":[{"name":"wp","href":"https:\/\/api.w.org\/{rel}","templated":true}]}}