{"id":131,"date":"2024-12-17T21:11:02","date_gmt":"2024-12-17T20:11:02","guid":{"rendered":"https:\/\/wbcostabrava.com\/?page_id=131"},"modified":"2024-12-17T21:11:02","modified_gmt":"2024-12-17T20:11:02","slug":"spirals-stairs-duplex","status":"publish","type":"page","link":"https:\/\/wbcostabrava.com\/en\/nuestros-apartamentos-en-figueres-y-roses\/spirals-stairs-duplex\/","title":{"rendered":"SPIRALS STAIRS DUPLEX"},"content":{"rendered":"\n<h2 class=\"wp-block-heading\">\u00a1Bienvenido a tu nuevo hogar en Figueres!<\/h2>\n\n\n\n<p>Descubre este espectacular d\u00faplex con terraza, que ha sido reformado al m\u00e1s alto nivel y est\u00e1 ubicado en pleno casco hist\u00f3rico de Figueres. A solo 2 minutos a pie de la plaza del Ayuntamiento y 4 del ic\u00f3nico Museo Dal\u00ed, estar\u00e1s en el centro de la acci\u00f3n sin renunciar a la tranquilidad.<\/p>\n\n\n\n<figure class=\"wp-block-image size-large\"><img loading=\"lazy\" decoding=\"async\" width=\"768\" height=\"1024\" src=\"https:\/\/wbcostabrava-com.preview-domain.com\/wp-content\/uploads\/2024\/12\/IMG_3962-768x1024.jpeg\" alt=\"\" class=\"wp-image-170\" srcset=\"https:\/\/wbcostabrava.com\/wp-content\/uploads\/2024\/12\/IMG_3962-768x1024.jpeg 768w, https:\/\/wbcostabrava.com\/wp-content\/uploads\/2024\/12\/IMG_3962-225x300.jpeg 225w, https:\/\/wbcostabrava.com\/wp-content\/uploads\/2024\/12\/IMG_3962-1152x1536.jpeg 1152w, https:\/\/wbcostabrava.com\/wp-content\/uploads\/2024\/12\/IMG_3962-1536x2048.jpeg 1536w, https:\/\/wbcostabrava.com\/wp-content\/uploads\/2024\/12\/IMG_3962-9x12.jpeg 9w, https:\/\/wbcostabrava.com\/wp-content\/uploads\/2024\/12\/IMG_3962-scaled.jpeg 1920w\" sizes=\"auto, (max-width: 768px) 100vw, 768px\" \/><\/figure>\n\n\n\n<h2 class=\"wp-block-heading\">Comodidades que enamoran<\/h2>\n\n\n\n<p>Con un espacio de 96 m\u00b2 distribuidos en dos plantas conectadas por una encantadora escalera de caracol, este d\u00faplex cuenta con 3 acogedoras habitaciones, de las cuales dos tienen camas dobles y una m\u00e1s con camas individuales. \u00a1Ideal para familias o grupos de amigos! Adem\u00e1s, no te preocupes por los ba\u00f1os; tienes uno con ba\u00f1era y otro con plato de ducha, \u00a1perfecto para relajarte despu\u00e9s de un d\u00eda explorando!<\/p>\n\n\n\n<h2 class=\"wp-block-heading\">\u00a1Momentos inolvidables en la terraza!<\/h2>\n\n\n\n<figure class=\"wp-block-image size-large\"><img loading=\"lazy\" decoding=\"async\" width=\"1024\" height=\"768\" src=\"https:\/\/wbcostabrava-com.preview-domain.com\/wp-content\/uploads\/2024\/12\/IMG_3994-1024x768.jpg\" alt=\"\" class=\"wp-image-169\" srcset=\"https:\/\/wbcostabrava.com\/wp-content\/uploads\/2024\/12\/IMG_3994-1024x768.jpg 1024w, https:\/\/wbcostabrava.com\/wp-content\/uploads\/2024\/12\/IMG_3994-300x225.jpg 300w, https:\/\/wbcostabrava.com\/wp-content\/uploads\/2024\/12\/IMG_3994-768x576.jpg 768w, https:\/\/wbcostabrava.com\/wp-content\/uploads\/2024\/12\/IMG_3994-1536x1152.jpg 1536w, https:\/\/wbcostabrava.com\/wp-content\/uploads\/2024\/12\/IMG_3994-2048x1536.jpg 2048w, https:\/\/wbcostabrava.com\/wp-content\/uploads\/2024\/12\/IMG_3994-16x12.jpg 16w\" sizes=\"auto, (max-width: 1024px) 100vw, 1024px\" \/><\/figure>\n\n\n\n<p>La joya de la corona es, sin duda, la amplia terraza que ofrece luces nocturnas y vistas a la ciudad. Es el lugar perfecto para disfrutar de comidas al aire libre, relajarte bajo el c\u00e1lido sol o simplemente contemplar las estrellas por la noche. El d\u00faplex tambi\u00e9n incluye una cocina americana totalmente equipada y una sala de estar c\u00f3moda, que asegura que tu estancia sea memorable. Climatizado, con WiFi y una decoraci\u00f3n moderna, este lugar tiene todo lo necesario para que te sientas como en casa.<\/p>\n\n\n\n<p>Ubicado en una calle peatonal llena de vida por el d\u00eda y tranquila durante la noche, tendr\u00e1s acceso a todo tipo de servicios: supermercados, cafeter\u00edas, restaurantes y mucho m\u00e1s. \u00a1No necesitar\u00e1s veh\u00edculo para perderte en las encantadoras calles de Figueres! Reserva pronto y aseg\u00farate una experiencia inolvidable.<\/p>\n\n\n\n<p>[Espacio para incluir fotos del apartamento]<\/p>\n","protected":false},"excerpt":{"rendered":"<p>\u00a1Bienvenido a tu nuevo hogar en Figueres! Descubre este espectacular d\u00faplex con terraza, que ha sido reformado al m\u00e1s alto nivel y est\u00e1 ubicado en pleno casco hist\u00f3rico de Figueres. A solo 2 minutos a pie de la plaza del Ayuntamiento y 4 del ic\u00f3nico Museo Dal\u00ed, estar\u00e1s en el centro de la acci\u00f3n sin [&hellip;]<\/p>\n","protected":false},"author":1,"featured_media":91,"parent":24,"menu_order":0,"comment_status":"closed","ping_status":"closed","template":"","meta":{"footnotes":""},"class_list":["post-131","page","type-page","status-publish","has-post-thumbnail","hentry"],"yoast_head":"<!-- This site is optimized with the Yoast SEO plugin v27.4 - https:\/\/yoast.com\/product\/yoast-seo-wordpress\/ -->\n<title>SPIRALS STAIRS DUPLEX - WB Costa Brava<\/title>\n<meta name=\"description\" content=\"D\u00faplex con terraza en pleno casco hist\u00f3rico de Figueres, a 2 minutos a pie de la plaza del Ayuntamiento y 4 min. del Museo Dal\u00ed. Cuenta con 3 habitaciones, dos de ellas con cama doble. Dos ba\u00f1os, uno con ba\u00f1era y otro con plato de ducha. Cocina americana totalmente equipada, zona sal\u00f3n-comedor y saloncito con div\u00e1n para momentos de relax. Climatizado, con wifi, e iluminaci\u00f3n LED por casi toda la casa.\" \/>\n<meta name=\"robots\" content=\"index, follow, max-snippet:-1, max-image-preview:large, max-video-preview:-1\" \/>\n<link rel=\"canonical\" href=\"https:\/\/wbcostabrava.com\/en\/nuestros-apartamentos-en-figueres-y-roses\/spirals-stairs-duplex\/\" \/>\n<meta property=\"og:locale\" content=\"en_GB\" \/>\n<meta property=\"og:type\" content=\"article\" \/>\n<meta property=\"og:title\" content=\"SPIRALS STAIRS DUPLEX - WB Costa Brava\" \/>\n<meta property=\"og:description\" content=\"D\u00faplex con terraza en pleno casco hist\u00f3rico de Figueres, a 2 minutos a pie de la plaza del Ayuntamiento y 4 min. del Museo Dal\u00ed. Cuenta con 3 habitaciones, dos de ellas con cama doble. Dos ba\u00f1os, uno con ba\u00f1era y otro con plato de ducha. Cocina americana totalmente equipada, zona sal\u00f3n-comedor y saloncito con div\u00e1n para momentos de relax. Climatizado, con wifi, e iluminaci\u00f3n LED por casi toda la casa.\" \/>\n<meta property=\"og:url\" content=\"https:\/\/wbcostabrava.com\/en\/nuestros-apartamentos-en-figueres-y-roses\/spirals-stairs-duplex\/\" \/>\n<meta property=\"og:site_name\" content=\"WB Costa Brava\" \/>\n<meta property=\"og:image\" content=\"https:\/\/wbcostabrava.com\/wp-content\/uploads\/2024\/11\/IMG_2682-scaled.jpg\" \/>\n\t<meta property=\"og:image:width\" content=\"1707\" \/>\n\t<meta property=\"og:image:height\" content=\"2560\" \/>\n\t<meta property=\"og:image:type\" content=\"image\/jpeg\" \/>\n<meta name=\"twitter:card\" content=\"summary_large_image\" \/>\n<meta name=\"twitter:label1\" content=\"Estimated reading time\" \/>\n\t<meta name=\"twitter:data1\" content=\"1 minute\" \/>\n<script type=\"application\/ld+json\" class=\"yoast-schema-graph\">{\"@context\":\"https:\\\/\\\/schema.org\",\"@graph\":[{\"@type\":\"WebPage\",\"@id\":\"https:\\\/\\\/wbcostabrava.com\\\/nuestros-apartamentos-en-figueres-y-roses\\\/spirals-stairs-duplex\\\/\",\"url\":\"https:\\\/\\\/wbcostabrava.com\\\/nuestros-apartamentos-en-figueres-y-roses\\\/spirals-stairs-duplex\\\/\",\"name\":\"SPIRALS STAIRS DUPLEX - WB Costa Brava\",\"isPartOf\":{\"@id\":\"https:\\\/\\\/wbcostabrava.com\\\/#website\"},\"primaryImageOfPage\":{\"@id\":\"https:\\\/\\\/wbcostabrava.com\\\/nuestros-apartamentos-en-figueres-y-roses\\\/spirals-stairs-duplex\\\/#primaryimage\"},\"image\":{\"@id\":\"https:\\\/\\\/wbcostabrava.com\\\/nuestros-apartamentos-en-figueres-y-roses\\\/spirals-stairs-duplex\\\/#primaryimage\"},\"thumbnailUrl\":\"https:\\\/\\\/wbcostabrava.com\\\/wp-content\\\/uploads\\\/2024\\\/11\\\/IMG_2682-scaled.jpg\",\"datePublished\":\"2024-12-17T20:11:02+00:00\",\"description\":\"D\u00faplex con terraza en pleno casco hist\u00f3rico de Figueres, a 2 minutos a pie de la plaza del Ayuntamiento y 4 min. del Museo Dal\u00ed. Cuenta con 3 habitaciones, dos de ellas con cama doble. Dos ba\u00f1os, uno con ba\u00f1era y otro con plato de ducha. Cocina americana totalmente equipada, zona sal\u00f3n-comedor y saloncito con div\u00e1n para momentos de relax. Climatizado, con wifi, e iluminaci\u00f3n LED por casi toda la casa.\",\"breadcrumb\":{\"@id\":\"https:\\\/\\\/wbcostabrava.com\\\/nuestros-apartamentos-en-figueres-y-roses\\\/spirals-stairs-duplex\\\/#breadcrumb\"},\"inLanguage\":\"en-GB\",\"potentialAction\":[{\"@type\":\"ReadAction\",\"target\":[\"https:\\\/\\\/wbcostabrava.com\\\/nuestros-apartamentos-en-figueres-y-roses\\\/spirals-stairs-duplex\\\/\"]}]},{\"@type\":\"ImageObject\",\"inLanguage\":\"en-GB\",\"@id\":\"https:\\\/\\\/wbcostabrava.com\\\/nuestros-apartamentos-en-figueres-y-roses\\\/spirals-stairs-duplex\\\/#primaryimage\",\"url\":\"https:\\\/\\\/wbcostabrava.com\\\/wp-content\\\/uploads\\\/2024\\\/11\\\/IMG_2682-scaled.jpg\",\"contentUrl\":\"https:\\\/\\\/wbcostabrava.com\\\/wp-content\\\/uploads\\\/2024\\\/11\\\/IMG_2682-scaled.jpg\",\"width\":1707,\"height\":2560},{\"@type\":\"BreadcrumbList\",\"@id\":\"https:\\\/\\\/wbcostabrava.com\\\/nuestros-apartamentos-en-figueres-y-roses\\\/spirals-stairs-duplex\\\/#breadcrumb\",\"itemListElement\":[{\"@type\":\"ListItem\",\"position\":1,\"name\":\"Portada\",\"item\":\"https:\\\/\\\/wbcostabrava.com\\\/\"},{\"@type\":\"ListItem\",\"position\":2,\"name\":\"Nuestros Apartamentos en Figueres y Roses\",\"item\":\"https:\\\/\\\/wbcostabrava.com\\\/nuestros-apartamentos-en-figueres-y-roses\\\/\"},{\"@type\":\"ListItem\",\"position\":3,\"name\":\"SPIRALS STAIRS DUPLEX\"}]},{\"@type\":\"WebSite\",\"@id\":\"https:\\\/\\\/wbcostabrava.com\\\/#website\",\"url\":\"https:\\\/\\\/wbcostabrava.com\\\/\",\"name\":\"WB Costa Brava\",\"description\":\"Web de reservas y curiosidades sobre la Costa Brava\",\"publisher\":{\"@id\":\"https:\\\/\\\/wbcostabrava.com\\\/#organization\"},\"potentialAction\":[{\"@type\":\"SearchAction\",\"target\":{\"@type\":\"EntryPoint\",\"urlTemplate\":\"https:\\\/\\\/wbcostabrava.com\\\/?s={search_term_string}\"},\"query-input\":{\"@type\":\"PropertyValueSpecification\",\"valueRequired\":true,\"valueName\":\"search_term_string\"}}],\"inLanguage\":\"en-GB\"},{\"@type\":\"Organization\",\"@id\":\"https:\\\/\\\/wbcostabrava.com\\\/#organization\",\"name\":\"WB Costa Brava\",\"url\":\"https:\\\/\\\/wbcostabrava.com\\\/\",\"logo\":{\"@type\":\"ImageObject\",\"inLanguage\":\"en-GB\",\"@id\":\"https:\\\/\\\/wbcostabrava.com\\\/#\\\/schema\\\/logo\\\/image\\\/\",\"url\":\"https:\\\/\\\/wbcostabrava.com\\\/wp-content\\\/uploads\\\/2024\\\/11\\\/BEA_LOGO_color.png\",\"contentUrl\":\"https:\\\/\\\/wbcostabrava.com\\\/wp-content\\\/uploads\\\/2024\\\/11\\\/BEA_LOGO_color.png\",\"width\":1927,\"height\":1624,\"caption\":\"WB Costa Brava\"},\"image\":{\"@id\":\"https:\\\/\\\/wbcostabrava.com\\\/#\\\/schema\\\/logo\\\/image\\\/\"},\"sameAs\":[\"https:\\\/\\\/www.instagram.com\\\/wbcostabrava\"]}]}<\/script>\n<!-- \/ Yoast SEO plugin. -->","yoast_head_json":{"title":"SPIRALS STAIRS DUPLEX - WB Costa Brava","description":"D\u00faplex con terraza en pleno casco hist\u00f3rico de Figueres, a 2 minutos a pie de la plaza del Ayuntamiento y 4 min. del Museo Dal\u00ed. Cuenta con 3 habitaciones, dos de ellas con cama doble. Dos ba\u00f1os, uno con ba\u00f1era y otro con plato de ducha. Cocina americana totalmente equipada, zona sal\u00f3n-comedor y saloncito con div\u00e1n para momentos de relax. Climatizado, con wifi, e iluminaci\u00f3n LED por casi toda la casa.","robots":{"index":"index","follow":"follow","max-snippet":"max-snippet:-1","max-image-preview":"max-image-preview:large","max-video-preview":"max-video-preview:-1"},"canonical":"https:\/\/wbcostabrava.com\/en\/nuestros-apartamentos-en-figueres-y-roses\/spirals-stairs-duplex\/","og_locale":"en_GB","og_type":"article","og_title":"SPIRALS STAIRS DUPLEX - WB Costa Brava","og_description":"D\u00faplex con terraza en pleno casco hist\u00f3rico de Figueres, a 2 minutos a pie de la plaza del Ayuntamiento y 4 min. del Museo Dal\u00ed. Cuenta con 3 habitaciones, dos de ellas con cama doble. Dos ba\u00f1os, uno con ba\u00f1era y otro con plato de ducha. Cocina americana totalmente equipada, zona sal\u00f3n-comedor y saloncito con div\u00e1n para momentos de relax. Climatizado, con wifi, e iluminaci\u00f3n LED por casi toda la casa.","og_url":"https:\/\/wbcostabrava.com\/en\/nuestros-apartamentos-en-figueres-y-roses\/spirals-stairs-duplex\/","og_site_name":"WB Costa Brava","og_image":[{"width":1707,"height":2560,"url":"https:\/\/wbcostabrava.com\/wp-content\/uploads\/2024\/11\/IMG_2682-scaled.jpg","type":"image\/jpeg"}],"twitter_card":"summary_large_image","twitter_misc":{"Estimated reading time":"1 minute"},"schema":{"@context":"https:\/\/schema.org","@graph":[{"@type":"WebPage","@id":"https:\/\/wbcostabrava.com\/nuestros-apartamentos-en-figueres-y-roses\/spirals-stairs-duplex\/","url":"https:\/\/wbcostabrava.com\/nuestros-apartamentos-en-figueres-y-roses\/spirals-stairs-duplex\/","name":"SPIRALS STAIRS DUPLEX - WB Costa Brava","isPartOf":{"@id":"https:\/\/wbcostabrava.com\/#website"},"primaryImageOfPage":{"@id":"https:\/\/wbcostabrava.com\/nuestros-apartamentos-en-figueres-y-roses\/spirals-stairs-duplex\/#primaryimage"},"image":{"@id":"https:\/\/wbcostabrava.com\/nuestros-apartamentos-en-figueres-y-roses\/spirals-stairs-duplex\/#primaryimage"},"thumbnailUrl":"https:\/\/wbcostabrava.com\/wp-content\/uploads\/2024\/11\/IMG_2682-scaled.jpg","datePublished":"2024-12-17T20:11:02+00:00","description":"D\u00faplex con terraza en pleno casco hist\u00f3rico de Figueres, a 2 minutos a pie de la plaza del Ayuntamiento y 4 min. del Museo Dal\u00ed. Cuenta con 3 habitaciones, dos de ellas con cama doble. Dos ba\u00f1os, uno con ba\u00f1era y otro con plato de ducha. Cocina americana totalmente equipada, zona sal\u00f3n-comedor y saloncito con div\u00e1n para momentos de relax. Climatizado, con wifi, e iluminaci\u00f3n LED por casi toda la casa.","breadcrumb":{"@id":"https:\/\/wbcostabrava.com\/nuestros-apartamentos-en-figueres-y-roses\/spirals-stairs-duplex\/#breadcrumb"},"inLanguage":"en-GB","potentialAction":[{"@type":"ReadAction","target":["https:\/\/wbcostabrava.com\/nuestros-apartamentos-en-figueres-y-roses\/spirals-stairs-duplex\/"]}]},{"@type":"ImageObject","inLanguage":"en-GB","@id":"https:\/\/wbcostabrava.com\/nuestros-apartamentos-en-figueres-y-roses\/spirals-stairs-duplex\/#primaryimage","url":"https:\/\/wbcostabrava.com\/wp-content\/uploads\/2024\/11\/IMG_2682-scaled.jpg","contentUrl":"https:\/\/wbcostabrava.com\/wp-content\/uploads\/2024\/11\/IMG_2682-scaled.jpg","width":1707,"height":2560},{"@type":"BreadcrumbList","@id":"https:\/\/wbcostabrava.com\/nuestros-apartamentos-en-figueres-y-roses\/spirals-stairs-duplex\/#breadcrumb","itemListElement":[{"@type":"ListItem","position":1,"name":"Portada","item":"https:\/\/wbcostabrava.com\/"},{"@type":"ListItem","position":2,"name":"Nuestros Apartamentos en Figueres y Roses","item":"https:\/\/wbcostabrava.com\/nuestros-apartamentos-en-figueres-y-roses\/"},{"@type":"ListItem","position":3,"name":"SPIRALS STAIRS DUPLEX"}]},{"@type":"WebSite","@id":"https:\/\/wbcostabrava.com\/#website","url":"https:\/\/wbcostabrava.com\/","name":"WB Costa Brava","description":"Web de reservas y curiosidades sobre la Costa Brava","publisher":{"@id":"https:\/\/wbcostabrava.com\/#organization"},"potentialAction":[{"@type":"SearchAction","target":{"@type":"EntryPoint","urlTemplate":"https:\/\/wbcostabrava.com\/?s={search_term_string}"},"query-input":{"@type":"PropertyValueSpecification","valueRequired":true,"valueName":"search_term_string"}}],"inLanguage":"en-GB"},{"@type":"Organization","@id":"https:\/\/wbcostabrava.com\/#organization","name":"WB Costa Brava","url":"https:\/\/wbcostabrava.com\/","logo":{"@type":"ImageObject","inLanguage":"en-GB","@id":"https:\/\/wbcostabrava.com\/#\/schema\/logo\/image\/","url":"https:\/\/wbcostabrava.com\/wp-content\/uploads\/2024\/11\/BEA_LOGO_color.png","contentUrl":"https:\/\/wbcostabrava.com\/wp-content\/uploads\/2024\/11\/BEA_LOGO_color.png","width":1927,"height":1624,"caption":"WB Costa Brava"},"image":{"@id":"https:\/\/wbcostabrava.com\/#\/schema\/logo\/image\/"},"sameAs":["https:\/\/www.instagram.com\/wbcostabrava"]}]}},"_links":{"self":[{"href":"https:\/\/wbcostabrava.com\/en\/wp-json\/wp\/v2\/pages\/131","targetHints":{"allow":["GET"]}}],"collection":[{"href":"https:\/\/wbcostabrava.com\/en\/wp-json\/wp\/v2\/pages"}],"about":[{"href":"https:\/\/wbcostabrava.com\/en\/wp-json\/wp\/v2\/types\/page"}],"author":[{"embeddable":true,"href":"https:\/\/wbcostabrava.com\/en\/wp-json\/wp\/v2\/users\/1"}],"replies":[{"embeddable":true,"href":"https:\/\/wbcostabrava.com\/en\/wp-json\/wp\/v2\/comments?post=131"}],"version-history":[{"count":2,"href":"https:\/\/wbcostabrava.com\/en\/wp-json\/wp\/v2\/pages\/131\/revisions"}],"predecessor-version":[{"id":171,"href":"https:\/\/wbcostabrava.com\/en\/wp-json\/wp\/v2\/pages\/131\/revisions\/171"}],"up":[{"embeddable":true,"href":"https:\/\/wbcostabrava.com\/en\/wp-json\/wp\/v2\/pages\/24"}],"wp:featuredmedia":[{"embeddable":true,"href":"https:\/\/wbcostabrava.com\/en\/wp-json\/wp\/v2\/media\/91"}],"wp:attachment":[{"href":"https:\/\/wbcostabrava.com\/en\/wp-json\/wp\/v2\/media?parent=131"}],"curies":[{"name":"wp","href":"https:\/\/api.w.org\/{rel}","templated":true}]}}