{"id":11,"date":"2024-12-17T21:21:16","date_gmt":"2024-12-17T20:21:16","guid":{"rendered":"https:\/\/wbcostabrava.com\/consejos\/"},"modified":"2024-12-17T21:22:55","modified_gmt":"2024-12-17T20:22:55","slug":"planes-en-la-costa-brava","status":"publish","type":"page","link":"https:\/\/wbcostabrava.com\/en\/planes-en-la-costa-brava\/","title":{"rendered":"Planes en la Costa Brava"},"content":{"rendered":"<div class=\"wp-block-group alignfull hostinger-ai-our-blog-1 hostinger-ai-fade-up has-global-padding is-layout-constrained wp-block-group-is-layout-constrained\" data-aos=\"fade-up\">\n<div class=\"wp-block-group alignwide hostinger-ai-fade-up has-global-padding is-content-justification-left is-layout-constrained wp-container-core-group-is-layout-12dd3699 wp-block-group-is-layout-constrained\" data-aos=\"fade-up\">\n<h2 class=\"wp-block-heading is-style-default hostinger-ai-title has-color-2-color has-text-color has-link-color has-system-font-family has-large-font-size wp-elements-dc2fe8de050f7f997cd42b6a45d27992\" style=\"margin-bottom:var(--wp--preset--spacing--50)\">\u00a1Nuestros tips para un viaje redondo!<\/h2>\n\n\n\n<h2 class=\"wp-block-heading has-system-font-family\">Consejos para un Viaje Perfecto en la Costa Brava<\/h2>\n\n\n\n<p class=\"has-system-font-family\">La Costa Brava es un destino lleno de belleza natural y actividades emocionantes. En nuestra p\u00e1gina de informaci\u00f3n, te ofrecemos una gu\u00eda completa con recomendaciones sobre los mejores lugares para visitar, actividades al aire libre y consejos para disfrutar al m\u00e1ximo de tu estancia. Con nuestra ayuda, \u00a1tendr\u00e1s todo lo necesario para planificar un viaje perfecto!<\/p>\n\n\n\n<p class=\"has-system-font-family\">Finalmente, si tienes preguntas o necesitas m\u00e1s informaci\u00f3n, visita nuestra secci\u00f3n de contacto y preguntas frecuentes. En WB Costa Brava, estamos aqu\u00ed para asegurarnos de que tu experiencia sea excepcional y sin complicaciones.<\/p>\n\n\n\n<div data-wp-context=\"{}\" data-wp-interactive=\"core\/query\" data-wp-key=\"24\" data-wp-router-region=\"query-24\" class=\"wp-block-query alignwide is-layout-flow wp-block-query-is-layout-flow\"><ul class=\"columns-2 post-item wp-block-post-template is-layout-grid wp-container-core-post-template-is-layout-02493678 wp-block-post-template-is-layout-grid\"><li data-wp-key=\"post-template-item-5\" class=\"wp-block-post post-5 post type-post status-publish format-standard has-post-thumbnail hentry category-uncategorized\">\n\n<div class=\"wp-block-group has-global-padding is-layout-constrained wp-block-group-is-layout-constrained\">\n<figure class=\"wp-block-gallery has-nested-images columns-default is-cropped wp-block-gallery-1 is-layout-flex wp-block-gallery-is-layout-flex\">\n<figure class=\"wp-block-image size-large\"><img loading=\"lazy\" decoding=\"async\" width=\"1024\" height=\"680\" data-id=\"114\" src=\"https:\/\/wbcostabrava-com.preview-domain.com\/wp-content\/uploads\/2024\/11\/Playa-Canyelles-Petites-2-1024x680.jpg\" alt=\"\" class=\"wp-image-114\" srcset=\"https:\/\/wbcostabrava.com\/wp-content\/uploads\/2024\/11\/Playa-Canyelles-Petites-2-1024x680.jpg 1024w, https:\/\/wbcostabrava.com\/wp-content\/uploads\/2024\/11\/Playa-Canyelles-Petites-2-300x199.jpg 300w, https:\/\/wbcostabrava.com\/wp-content\/uploads\/2024\/11\/Playa-Canyelles-Petites-2-768x510.jpg 768w, https:\/\/wbcostabrava.com\/wp-content\/uploads\/2024\/11\/Playa-Canyelles-Petites-2.jpg 1034w\" sizes=\"auto, (max-width: 1024px) 100vw, 1024px\" \/><\/figure>\n<\/figure>\n<\/div>\n\n\n<h2 style=\"margin-bottom:0;margin-top:var(--wp--preset--spacing--20);\" class=\"wp-block-post-title has-large-font-size has-system-font-family\"><a href=\"https:\/\/wbcostabrava.com\/en\/guia-completa-para-disfrutar-de-tu-estancia-en-la-costa-brava\/\" target=\"_self\" >Gu\u00eda Completa para Disfrutar de tu Estancia en la Costa Brava<\/a><\/h2>\n\n<div style=\"margin-bottom:0;margin-top:var(--wp--preset--spacing--20);\" class=\"wp-block-post-excerpt has-system-font-family\"><p class=\"wp-block-post-excerpt__excerpt\">Consejos y Excursiones en la Costa Brava Adem\u00e1s de ofrecer apartamentos, tambi\u00e9n recopilamos consejos sobre tu estancia. Desde recomendaciones sobre&hellip; <\/p><\/div>\n\n<div style=\"margin-top:var(--wp--preset--spacing--20);\" class=\"wp-block-post-date has-system-font-family\"><time datetime=\"2024-12-16T22:08:00+01:00\">12\/16\/2024<\/time><\/div>\n<\/li><li data-wp-key=\"post-template-item-7\" class=\"wp-block-post post-7 post type-post status-publish format-standard has-post-thumbnail hentry category-uncategorized\">\n\n<div class=\"wp-block-group has-global-padding is-layout-constrained wp-block-group-is-layout-constrained\">\n<figure class=\"wp-block-gallery has-nested-images columns-default is-cropped wp-block-gallery-2 is-layout-flex wp-block-gallery-is-layout-flex\">\n<figure class=\"wp-block-image size-large\"><img loading=\"lazy\" decoding=\"async\" width=\"1024\" height=\"680\" data-id=\"114\" src=\"https:\/\/wbcostabrava-com.preview-domain.com\/wp-content\/uploads\/2024\/11\/Playa-Canyelles-Petites-2-1024x680.jpg\" alt=\"\" class=\"wp-image-114\" srcset=\"https:\/\/wbcostabrava.com\/wp-content\/uploads\/2024\/11\/Playa-Canyelles-Petites-2-1024x680.jpg 1024w, https:\/\/wbcostabrava.com\/wp-content\/uploads\/2024\/11\/Playa-Canyelles-Petites-2-300x199.jpg 300w, https:\/\/wbcostabrava.com\/wp-content\/uploads\/2024\/11\/Playa-Canyelles-Petites-2-768x510.jpg 768w, https:\/\/wbcostabrava.com\/wp-content\/uploads\/2024\/11\/Playa-Canyelles-Petites-2.jpg 1034w\" sizes=\"auto, (max-width: 1024px) 100vw, 1024px\" \/><\/figure>\n<\/figure>\n<\/div>\n\n\n<h2 style=\"margin-bottom:0;margin-top:var(--wp--preset--spacing--20);\" class=\"wp-block-post-title has-large-font-size has-system-font-family\"><a href=\"https:\/\/wbcostabrava.com\/en\/descubre-los-mejores-apartamentos-turisticos-en-la-costa-brava\/\" target=\"_self\" >Descubre los Mejores Apartamentos Tur\u00edsticos en la Costa Brava<\/a><\/h2>\n\n<div style=\"margin-bottom:0;margin-top:var(--wp--preset--spacing--20);\" class=\"wp-block-post-excerpt has-system-font-family\"><p class=\"wp-block-post-excerpt__excerpt\">Bienvenido a la Costa Brava La Costa Brava es un destino tur\u00edstico privilegiado, famoso por sus hermosas playas y encantadores&hellip; <\/p><\/div>\n\n<div style=\"margin-top:var(--wp--preset--spacing--20);\" class=\"wp-block-post-date has-system-font-family\"><time datetime=\"2024-11-27T22:01:34+01:00\">11\/27\/2024<\/time><\/div>\n<\/li><\/ul><\/div>\n<\/div>\n<\/div>\n\n\n\n<div class=\"wp-block-cover alignfull\" style=\"min-height:593px;aspect-ratio:unset;\"><span aria-hidden=\"true\" class=\"wp-block-cover__background has-background-dim\"><\/span><div class=\"wp-block-cover__inner-container is-layout-flow wp-block-cover-is-layout-flow\">\n<div style=\"background-image:url(&apos;https:\/\/wbcostabrava-com.preview-domain.com\/wp-content\/uploads\/2024\/11\/IMG_20200916_011621-scaled.jpg&apos;);background-size:cover;\" class=\"wp-block-group alignfull hostinger-ai-customer-reviews-5 hostinger-ai-fade-up has-global-padding is-layout-constrained wp-block-group-is-layout-constrained has-background\" data-aos=\"fade-up\">\n<div class=\"wp-block-group alignwide hostinger-ai-fade-up is-vertical is-content-justification-center is-nowrap is-layout-flex wp-container-core-group-is-layout-95764c33 wp-block-group-is-layout-flex has-background\" data-aos=\"fade-up\" style=\"min-height:400px;padding-top:var(--wp--preset--spacing--40);padding-bottom:var(--wp--preset--spacing--40);background-image:url(&apos;https:\/\/wbcostabrava-com.preview-domain.com\/wp-content\/uploads\/2024\/11\/IMG_3945-1-scaled.jpeg&apos;);background-size:cover;\">\n<div class=\"wp-block-group hostinger-ai-fade-up wp-container-content-69bc4bdf is-layout-flow wp-container-core-group-is-layout-d6743c7d wp-block-group-is-layout-flow\" data-aos=\"fade-up\">\n<p><\/p>\n\n\n\n<p><\/p>\n\n\n\n<p><\/p>\n\n\n\n<p><\/p>\n\n\n\n<p><\/p>\n\n\n\n<p><\/p>\n\n\n\n<p><\/p>\n\n\n\n<p><\/p>\n\n\n\n<p><\/p>\n\n\n\n<p><\/p>\n\n\n\n<p><\/p>\n\n\n\n<p><\/p>\n\n\n\n<p><\/p>\n\n\n\n<p class=\"has-text-align-center hostinger-ai-subtitle has-dark-color has-text-color has-link-color has-medium-font-size wp-elements-08071405c88cdd8bf3859b07766f8cb4\" style=\"margin-top:0;margin-bottom:var(--wp--preset--spacing--20)\">Opiniones Clientes<\/p>\n\n\n\n<p class=\"has-text-align-center hostinger-ai-testimonial-text hostinger-ai-font-bold hostinger-index-2 has-color-2-color has-text-color has-link-color wp-elements-c7788e8586934fd2d5db3e2c4c192d87\" style=\"margin-top:0;margin-bottom:var(--wp--preset--spacing--50);font-size:clamp(15.747px, 0.984rem + ((1vw - 3.2px) * 1.058), 24px);\">\u201dNuestra estancia en los apartamentos fue maravillosa. La informaci\u00f3n y consejos ofrecidos nos ayudaron a disfrutar al m\u00e1ximo de la Costa Brava. \u00a1Recomendado!\u201d<\/p>\n<\/div>\n<\/div>\n<\/div>\n<\/div><\/div>\n\n\n\n<div class=\"wp-block-group alignfull hostinger-ai-fade-up has-global-padding is-layout-constrained wp-block-group-is-layout-constrained\" data-aos=\"fade-up\">\n<div class=\"wp-block-group alignwide hostinger-ai-fade-up is-layout-grid wp-container-core-group-is-layout-3721f5f0 wp-block-group-is-layout-grid\" data-aos=\"fade-up\">\n<div class=\"wp-block-columns are-vertically-aligned-center is-layout-flex wp-container-core-columns-is-layout-28f84493 wp-block-columns-is-layout-flex\">\n<div class=\"wp-block-column is-vertically-aligned-center is-layout-flow wp-block-column-is-layout-flow\" style=\"flex-basis:100%\">\n<div class=\"wp-block-group hostinger-ai-fade-up has-global-padding is-layout-constrained wp-block-group-is-layout-constrained\" data-aos=\"fade-up\">\n<h2 class=\"wp-block-heading has-system-font-family\"><strong>Para m\u00e1s consejos<\/strong>...<\/h2>\n\n\n\n<p class=\"has-dark-color has-text-color has-link-color has-system-font-family wp-elements-30836ad6d5c3b0a4123cecdd625e378a\" style=\"margin-bottom:var(--wp--preset--spacing--50)\">wbapartmentscostabrava@gmail.com<\/p>\n\n\n\n<ul class=\"wp-block-social-links is-horizontal is-content-justification-left is-layout-flex wp-container-core-social-links-is-layout-af5f4889 wp-block-social-links-is-layout-flex\" style=\"margin-top:0;margin-right:0;margin-bottom:0;margin-left:0\"><li class=\"wp-social-link wp-social-link-instagram  wp-block-social-link\"><a href=\"https:\/\/www.instagram.com\/hostinger_global\/?hl=en\" class=\"wp-block-social-link-anchor\"><svg width=\"24\" height=\"24\" viewbox=\"0 0 24 24\" version=\"1.1\" xmlns=\"http:\/\/www.w3.org\/2000\/svg\" aria-hidden=\"true\" focusable=\"false\"><path d=\"M12,4.622c2.403,0,2.688,0.009,3.637,0.052c0.877,0.04,1.354,0.187,1.671,0.31c0.42,0.163,0.72,0.358,1.035,0.673 c0.315,0.315,0.51,0.615,0.673,1.035c0.123,0.317,0.27,0.794,0.31,1.671c0.043,0.949,0.052,1.234,0.052,3.637 s-0.009,2.688-0.052,3.637c-0.04,0.877-0.187,1.354-0.31,1.671c-0.163,0.42-0.358,0.72-0.673,1.035 c-0.315,0.315-0.615,0.51-1.035,0.673c-0.317,0.123-0.794,0.27-1.671,0.31c-0.949,0.043-1.233,0.052-3.637,0.052 s-2.688-0.009-3.637-0.052c-0.877-0.04-1.354-0.187-1.671-0.31c-0.42-0.163-0.72-0.358-1.035-0.673 c-0.315-0.315-0.51-0.615-0.673-1.035c-0.123-0.317-0.27-0.794-0.31-1.671C4.631,14.688,4.622,14.403,4.622,12 s0.009-2.688,0.052-3.637c0.04-0.877,0.187-1.354,0.31-1.671c0.163-0.42,0.358-0.72,0.673-1.035 c0.315-0.315,0.615-0.51,1.035-0.673c0.317-0.123,0.794-0.27,1.671-0.31C9.312,4.631,9.597,4.622,12,4.622 M12,3 C9.556,3,9.249,3.01,8.289,3.054C7.331,3.098,6.677,3.25,6.105,3.472C5.513,3.702,5.011,4.01,4.511,4.511 c-0.5,0.5-0.808,1.002-1.038,1.594C3.25,6.677,3.098,7.331,3.054,8.289C3.01,9.249,3,9.556,3,12c0,2.444,0.01,2.751,0.054,3.711 c0.044,0.958,0.196,1.612,0.418,2.185c0.23,0.592,0.538,1.094,1.038,1.594c0.5,0.5,1.002,0.808,1.594,1.038 c0.572,0.222,1.227,0.375,2.185,0.418C9.249,20.99,9.556,21,12,21s2.751-0.01,3.711-0.054c0.958-0.044,1.612-0.196,2.185-0.418 c0.592-0.23,1.094-0.538,1.594-1.038c0.5-0.5,0.808-1.002,1.038-1.594c0.222-0.572,0.375-1.227,0.418-2.185 C20.99,14.751,21,14.444,21,12s-0.01-2.751-0.054-3.711c-0.044-0.958-0.196-1.612-0.418-2.185c-0.23-0.592-0.538-1.094-1.038-1.594 c-0.5-0.5-1.002-0.808-1.594-1.038c-0.572-0.222-1.227-0.375-2.185-0.418C14.751,3.01,14.444,3,12,3L12,3z M12,7.378 c-2.552,0-4.622,2.069-4.622,4.622S9.448,16.622,12,16.622s4.622-2.069,4.622-4.622S14.552,7.378,12,7.378z M12,15 c-1.657,0-3-1.343-3-3s1.343-3,3-3s3,1.343,3,3S13.657,15,12,15z M16.804,6.116c-0.596,0-1.08,0.484-1.08,1.08 s0.484,1.08,1.08,1.08c0.596,0,1.08-0.484,1.08-1.08S17.401,6.116,16.804,6.116z\"><\/path><\/svg><span class=\"wp-block-social-link-label screen-reader-text\">Instagram<\/span><\/a><\/li>\n\n<\/ul>\n<\/div>\n<\/div>\n<\/div>\n\n\n\n<div class=\"wp-block-group is-content-justification-center is-nowrap is-layout-flex wp-container-core-group-is-layout-23441af8 wp-block-group-is-layout-flex\">\n<figure class=\"wp-block-image size-full has-custom-border hostinger-ai-image\"><img loading=\"lazy\" decoding=\"async\" width=\"1920\" height=\"2560\" src=\"https:\/\/wbcostabrava-com.preview-domain.com\/wp-content\/uploads\/2024\/11\/IMG_20200916_011621-1-scaled.jpg\" alt=\"\" class=\"wp-image-69\" style=\"border-radius:8px\" srcset=\"https:\/\/wbcostabrava.com\/wp-content\/uploads\/2024\/11\/IMG_20200916_011621-1-scaled.jpg 1920w, https:\/\/wbcostabrava.com\/wp-content\/uploads\/2024\/11\/IMG_20200916_011621-1-225x300.jpg 225w, https:\/\/wbcostabrava.com\/wp-content\/uploads\/2024\/11\/IMG_20200916_011621-1-768x1024.jpg 768w, https:\/\/wbcostabrava.com\/wp-content\/uploads\/2024\/11\/IMG_20200916_011621-1-1152x1536.jpg 1152w, https:\/\/wbcostabrava.com\/wp-content\/uploads\/2024\/11\/IMG_20200916_011621-1-1536x2048.jpg 1536w\" sizes=\"auto, (max-width: 1920px) 100vw, 1920px\" \/><\/figure>\n<\/div>\n<\/div>\n<\/div>","protected":false},"excerpt":{"rendered":"<p>\u00a1Nuestros tips para un viaje redondo! Consejos para un Viaje Perfecto en la Costa Brava La Costa Brava es un destino lleno de belleza natural y actividades emocionantes. En nuestra p\u00e1gina de informaci\u00f3n, te ofrecemos una gu\u00eda completa con recomendaciones sobre los mejores lugares para visitar, actividades al aire libre y consejos para disfrutar al [&hellip;]<\/p>\n","protected":false},"author":1,"featured_media":70,"parent":0,"menu_order":0,"comment_status":"closed","ping_status":"closed","template":"","meta":{"footnotes":""},"class_list":["post-11","page","type-page","status-publish","has-post-thumbnail","hentry"],"yoast_head":"<!-- This site is optimized with the Yoast SEO plugin v27.4 - https:\/\/yoast.com\/product\/yoast-seo-wordpress\/ -->\n<title>Planes en la Costa Brava - WB Costa Brava<\/title>\n<meta name=\"robots\" content=\"index, follow, max-snippet:-1, max-image-preview:large, max-video-preview:-1\" \/>\n<link rel=\"canonical\" href=\"https:\/\/wbcostabrava.com\/en\/planes-en-la-costa-brava\/\" \/>\n<meta property=\"og:locale\" content=\"en_GB\" \/>\n<meta property=\"og:type\" content=\"article\" \/>\n<meta property=\"og:title\" content=\"Planes en la Costa Brava - WB Costa Brava\" \/>\n<meta property=\"og:description\" content=\"\u00a1Nuestros tips para un viaje redondo! Consejos para un Viaje Perfecto en la Costa Brava La Costa Brava es un destino lleno de belleza natural y actividades emocionantes. En nuestra p\u00e1gina de informaci\u00f3n, te ofrecemos una gu\u00eda completa con recomendaciones sobre los mejores lugares para visitar, actividades al aire libre y consejos para disfrutar al [&hellip;]\" \/>\n<meta property=\"og:url\" content=\"https:\/\/wbcostabrava.com\/en\/planes-en-la-costa-brava\/\" \/>\n<meta property=\"og:site_name\" content=\"WB Costa Brava\" \/>\n<meta property=\"article:modified_time\" content=\"2024-12-17T20:22:55+00:00\" \/>\n<meta property=\"og:image\" content=\"https:\/\/wbcostabrava.com\/wp-content\/uploads\/2024\/11\/IMG_0959-scaled.jpg\" \/>\n\t<meta property=\"og:image:width\" content=\"1707\" \/>\n\t<meta property=\"og:image:height\" content=\"2560\" \/>\n\t<meta property=\"og:image:type\" content=\"image\/jpeg\" \/>\n<meta name=\"twitter:card\" content=\"summary_large_image\" \/>\n<meta name=\"twitter:label1\" content=\"Estimated reading time\" \/>\n\t<meta name=\"twitter:data1\" content=\"1 minute\" \/>\n<script type=\"application\/ld+json\" class=\"yoast-schema-graph\">{\"@context\":\"https:\\\/\\\/schema.org\",\"@graph\":[{\"@type\":\"WebPage\",\"@id\":\"https:\\\/\\\/wbcostabrava.com\\\/planes-en-la-costa-brava\\\/\",\"url\":\"https:\\\/\\\/wbcostabrava.com\\\/planes-en-la-costa-brava\\\/\",\"name\":\"Planes en la Costa Brava - WB Costa Brava\",\"isPartOf\":{\"@id\":\"https:\\\/\\\/wbcostabrava.com\\\/#website\"},\"primaryImageOfPage\":{\"@id\":\"https:\\\/\\\/wbcostabrava.com\\\/planes-en-la-costa-brava\\\/#primaryimage\"},\"image\":{\"@id\":\"https:\\\/\\\/wbcostabrava.com\\\/planes-en-la-costa-brava\\\/#primaryimage\"},\"thumbnailUrl\":\"https:\\\/\\\/wbcostabrava.com\\\/wp-content\\\/uploads\\\/2024\\\/11\\\/IMG_0959-scaled.jpg\",\"datePublished\":\"2024-12-17T20:21:16+00:00\",\"dateModified\":\"2024-12-17T20:22:55+00:00\",\"breadcrumb\":{\"@id\":\"https:\\\/\\\/wbcostabrava.com\\\/planes-en-la-costa-brava\\\/#breadcrumb\"},\"inLanguage\":\"en-GB\",\"potentialAction\":[{\"@type\":\"ReadAction\",\"target\":[\"https:\\\/\\\/wbcostabrava.com\\\/planes-en-la-costa-brava\\\/\"]}]},{\"@type\":\"ImageObject\",\"inLanguage\":\"en-GB\",\"@id\":\"https:\\\/\\\/wbcostabrava.com\\\/planes-en-la-costa-brava\\\/#primaryimage\",\"url\":\"https:\\\/\\\/wbcostabrava.com\\\/wp-content\\\/uploads\\\/2024\\\/11\\\/IMG_0959-scaled.jpg\",\"contentUrl\":\"https:\\\/\\\/wbcostabrava.com\\\/wp-content\\\/uploads\\\/2024\\\/11\\\/IMG_0959-scaled.jpg\",\"width\":1707,\"height\":2560},{\"@type\":\"BreadcrumbList\",\"@id\":\"https:\\\/\\\/wbcostabrava.com\\\/planes-en-la-costa-brava\\\/#breadcrumb\",\"itemListElement\":[{\"@type\":\"ListItem\",\"position\":1,\"name\":\"Portada\",\"item\":\"https:\\\/\\\/wbcostabrava.com\\\/\"},{\"@type\":\"ListItem\",\"position\":2,\"name\":\"Planes en la Costa Brava\"}]},{\"@type\":\"WebSite\",\"@id\":\"https:\\\/\\\/wbcostabrava.com\\\/#website\",\"url\":\"https:\\\/\\\/wbcostabrava.com\\\/\",\"name\":\"WB Costa Brava\",\"description\":\"Web de reservas y curiosidades sobre la Costa Brava\",\"publisher\":{\"@id\":\"https:\\\/\\\/wbcostabrava.com\\\/#organization\"},\"potentialAction\":[{\"@type\":\"SearchAction\",\"target\":{\"@type\":\"EntryPoint\",\"urlTemplate\":\"https:\\\/\\\/wbcostabrava.com\\\/?s={search_term_string}\"},\"query-input\":{\"@type\":\"PropertyValueSpecification\",\"valueRequired\":true,\"valueName\":\"search_term_string\"}}],\"inLanguage\":\"en-GB\"},{\"@type\":\"Organization\",\"@id\":\"https:\\\/\\\/wbcostabrava.com\\\/#organization\",\"name\":\"WB Costa Brava\",\"url\":\"https:\\\/\\\/wbcostabrava.com\\\/\",\"logo\":{\"@type\":\"ImageObject\",\"inLanguage\":\"en-GB\",\"@id\":\"https:\\\/\\\/wbcostabrava.com\\\/#\\\/schema\\\/logo\\\/image\\\/\",\"url\":\"https:\\\/\\\/wbcostabrava.com\\\/wp-content\\\/uploads\\\/2024\\\/11\\\/BEA_LOGO_color.png\",\"contentUrl\":\"https:\\\/\\\/wbcostabrava.com\\\/wp-content\\\/uploads\\\/2024\\\/11\\\/BEA_LOGO_color.png\",\"width\":1927,\"height\":1624,\"caption\":\"WB Costa Brava\"},\"image\":{\"@id\":\"https:\\\/\\\/wbcostabrava.com\\\/#\\\/schema\\\/logo\\\/image\\\/\"},\"sameAs\":[\"https:\\\/\\\/www.instagram.com\\\/wbcostabrava\"]}]}<\/script>\n<!-- \/ Yoast SEO plugin. -->","yoast_head_json":{"title":"Planes en la Costa Brava - WB Costa Brava","robots":{"index":"index","follow":"follow","max-snippet":"max-snippet:-1","max-image-preview":"max-image-preview:large","max-video-preview":"max-video-preview:-1"},"canonical":"https:\/\/wbcostabrava.com\/en\/planes-en-la-costa-brava\/","og_locale":"en_GB","og_type":"article","og_title":"Planes en la Costa Brava - WB Costa Brava","og_description":"\u00a1Nuestros tips para un viaje redondo! Consejos para un Viaje Perfecto en la Costa Brava La Costa Brava es un destino lleno de belleza natural y actividades emocionantes. En nuestra p\u00e1gina de informaci\u00f3n, te ofrecemos una gu\u00eda completa con recomendaciones sobre los mejores lugares para visitar, actividades al aire libre y consejos para disfrutar al [&hellip;]","og_url":"https:\/\/wbcostabrava.com\/en\/planes-en-la-costa-brava\/","og_site_name":"WB Costa Brava","article_modified_time":"2024-12-17T20:22:55+00:00","og_image":[{"width":1707,"height":2560,"url":"https:\/\/wbcostabrava.com\/wp-content\/uploads\/2024\/11\/IMG_0959-scaled.jpg","type":"image\/jpeg"}],"twitter_card":"summary_large_image","twitter_misc":{"Estimated reading time":"1 minute"},"schema":{"@context":"https:\/\/schema.org","@graph":[{"@type":"WebPage","@id":"https:\/\/wbcostabrava.com\/planes-en-la-costa-brava\/","url":"https:\/\/wbcostabrava.com\/planes-en-la-costa-brava\/","name":"Planes en la Costa Brava - WB Costa Brava","isPartOf":{"@id":"https:\/\/wbcostabrava.com\/#website"},"primaryImageOfPage":{"@id":"https:\/\/wbcostabrava.com\/planes-en-la-costa-brava\/#primaryimage"},"image":{"@id":"https:\/\/wbcostabrava.com\/planes-en-la-costa-brava\/#primaryimage"},"thumbnailUrl":"https:\/\/wbcostabrava.com\/wp-content\/uploads\/2024\/11\/IMG_0959-scaled.jpg","datePublished":"2024-12-17T20:21:16+00:00","dateModified":"2024-12-17T20:22:55+00:00","breadcrumb":{"@id":"https:\/\/wbcostabrava.com\/planes-en-la-costa-brava\/#breadcrumb"},"inLanguage":"en-GB","potentialAction":[{"@type":"ReadAction","target":["https:\/\/wbcostabrava.com\/planes-en-la-costa-brava\/"]}]},{"@type":"ImageObject","inLanguage":"en-GB","@id":"https:\/\/wbcostabrava.com\/planes-en-la-costa-brava\/#primaryimage","url":"https:\/\/wbcostabrava.com\/wp-content\/uploads\/2024\/11\/IMG_0959-scaled.jpg","contentUrl":"https:\/\/wbcostabrava.com\/wp-content\/uploads\/2024\/11\/IMG_0959-scaled.jpg","width":1707,"height":2560},{"@type":"BreadcrumbList","@id":"https:\/\/wbcostabrava.com\/planes-en-la-costa-brava\/#breadcrumb","itemListElement":[{"@type":"ListItem","position":1,"name":"Portada","item":"https:\/\/wbcostabrava.com\/"},{"@type":"ListItem","position":2,"name":"Planes en la Costa Brava"}]},{"@type":"WebSite","@id":"https:\/\/wbcostabrava.com\/#website","url":"https:\/\/wbcostabrava.com\/","name":"WB Costa Brava","description":"Web de reservas y curiosidades sobre la Costa Brava","publisher":{"@id":"https:\/\/wbcostabrava.com\/#organization"},"potentialAction":[{"@type":"SearchAction","target":{"@type":"EntryPoint","urlTemplate":"https:\/\/wbcostabrava.com\/?s={search_term_string}"},"query-input":{"@type":"PropertyValueSpecification","valueRequired":true,"valueName":"search_term_string"}}],"inLanguage":"en-GB"},{"@type":"Organization","@id":"https:\/\/wbcostabrava.com\/#organization","name":"WB Costa Brava","url":"https:\/\/wbcostabrava.com\/","logo":{"@type":"ImageObject","inLanguage":"en-GB","@id":"https:\/\/wbcostabrava.com\/#\/schema\/logo\/image\/","url":"https:\/\/wbcostabrava.com\/wp-content\/uploads\/2024\/11\/BEA_LOGO_color.png","contentUrl":"https:\/\/wbcostabrava.com\/wp-content\/uploads\/2024\/11\/BEA_LOGO_color.png","width":1927,"height":1624,"caption":"WB Costa Brava"},"image":{"@id":"https:\/\/wbcostabrava.com\/#\/schema\/logo\/image\/"},"sameAs":["https:\/\/www.instagram.com\/wbcostabrava"]}]}},"_links":{"self":[{"href":"https:\/\/wbcostabrava.com\/en\/wp-json\/wp\/v2\/pages\/11","targetHints":{"allow":["GET"]}}],"collection":[{"href":"https:\/\/wbcostabrava.com\/en\/wp-json\/wp\/v2\/pages"}],"about":[{"href":"https:\/\/wbcostabrava.com\/en\/wp-json\/wp\/v2\/types\/page"}],"author":[{"embeddable":true,"href":"https:\/\/wbcostabrava.com\/en\/wp-json\/wp\/v2\/users\/1"}],"replies":[{"embeddable":true,"href":"https:\/\/wbcostabrava.com\/en\/wp-json\/wp\/v2\/comments?post=11"}],"version-history":[{"count":5,"href":"https:\/\/wbcostabrava.com\/en\/wp-json\/wp\/v2\/pages\/11\/revisions"}],"predecessor-version":[{"id":126,"href":"https:\/\/wbcostabrava.com\/en\/wp-json\/wp\/v2\/pages\/11\/revisions\/126"}],"wp:featuredmedia":[{"embeddable":true,"href":"https:\/\/wbcostabrava.com\/en\/wp-json\/wp\/v2\/media\/70"}],"wp:attachment":[{"href":"https:\/\/wbcostabrava.com\/en\/wp-json\/wp\/v2\/media?parent=11"}],"curies":[{"name":"wp","href":"https:\/\/api.w.org\/{rel}","templated":true}]}}